{"id":1807,"date":"2023-03-17T07:27:59","date_gmt":"2023-03-17T07:27:59","guid":{"rendered":"https:\/\/haeklebuus.dk\/?page_id=1807"},"modified":"2023-03-17T07:35:41","modified_gmt":"2023-03-17T07:35:41","slug":"elementor-1807","status":"publish","type":"page","link":"https:\/\/haeklebuus.dk\/index.php\/elementor-1807\/","title":{"rendered":"Elementor #1807"},"content":{"rendered":"\t\t<div data-elementor-type=\"wp-post\" data-elementor-id=\"1807\" class=\"elementor elementor-1807\">\n\t\t\t\t\t\t<section class=\"elementor-section elementor-top-section elementor-element elementor-element-844a9f4 elementor-section-boxed elementor-section-height-default elementor-section-height-default\" data-id=\"844a9f4\" data-element_type=\"section\">\n\t\t\t\t\t\t<div class=\"elementor-container elementor-column-gap-default\">\n\t\t\t\t\t<div class=\"elementor-column elementor-col-100 elementor-top-column elementor-element elementor-element-c1db8b5\" data-id=\"c1db8b5\" data-element_type=\"column\">\n\t\t\t<div class=\"elementor-widget-wrap elementor-element-populated\">\n\t\t\t\t\t\t<div class=\"elementor-element elementor-element-c01b0df elementor-widget elementor-widget-image\" data-id=\"c01b0df\" data-element_type=\"widget\" data-widget_type=\"image.default\">\n\t\t\t\t<div class=\"elementor-widget-container\">\n\t\t\t\t\t\t\t\t\t\t\t\t\t\t\t<img decoding=\"async\" src=\"https:\/\/haeklebuus.dk\/wp-content\/uploads\/elementor\/thumbs\/hvidt-trae-pz58vg7vlpssk57omfbr7xte6dnb9utx6duxwppneg.jpg\" title=\"hvidt tr\u00e6\" alt=\"hvidt tr\u00e6\" loading=\"lazy\" \/>\t\t\t\t\t\t\t\t\t\t\t\t\t\t\t<\/div>\n\t\t\t\t<\/div>\n\t\t\t\t\t<\/div>\n\t\t<\/div>\n\t\t\t\t\t<\/div>\n\t\t<\/section>\n\t\t\t\t<section class=\"elementor-section elementor-top-section elementor-element elementor-element-d4264db elementor-section-boxed elementor-section-height-default elementor-section-height-default\" data-id=\"d4264db\" data-element_type=\"section\">\n\t\t\t\t\t\t<div class=\"elementor-container elementor-column-gap-default\">\n\t\t\t\t\t<div class=\"elementor-column elementor-col-100 elementor-top-column elementor-element elementor-element-3fc7aaf\" data-id=\"3fc7aaf\" data-element_type=\"column\">\n\t\t\t<div class=\"elementor-widget-wrap elementor-element-populated\">\n\t\t\t\t\t\t<div class=\"elementor-element elementor-element-9721859 elementor-widget elementor-widget-heading\" data-id=\"9721859\" data-element_type=\"widget\" data-widget_type=\"heading.default\">\n\t\t\t\t<div class=\"elementor-widget-container\">\n\t\t\t\t\t<h2 class=\"elementor-heading-title elementor-size-xxl\">Flakonger og Karklude. . . ... !!!<\/h2>\t\t\t\t<\/div>\n\t\t\t\t<\/div>\n\t\t\t\t\t<\/div>\n\t\t<\/div>\n\t\t\t\t\t<\/div>\n\t\t<\/section>\n\t\t\t\t<section class=\"elementor-section elementor-top-section elementor-element elementor-element-e81f10b elementor-section-boxed elementor-section-height-default elementor-section-height-default\" data-id=\"e81f10b\" data-element_type=\"section\">\n\t\t\t\t\t\t<div class=\"elementor-container elementor-column-gap-default\">\n\t\t\t\t\t<div class=\"elementor-column elementor-col-25 elementor-top-column elementor-element elementor-element-ce8f5d4\" data-id=\"ce8f5d4\" data-element_type=\"column\">\n\t\t\t<div class=\"elementor-widget-wrap elementor-element-populated\">\n\t\t\t\t\t\t<div class=\"elementor-element elementor-element-bf21cbf elementor-widget elementor-widget-image\" data-id=\"bf21cbf\" data-element_type=\"widget\" data-widget_type=\"image.default\">\n\t\t\t\t<div class=\"elementor-widget-container\">\n\t\t\t\t\t\t\t\t\t\t\t\t\t\t\t<img fetchpriority=\"high\" decoding=\"async\" width=\"943\" height=\"929\" src=\"https:\/\/haeklebuus.dk\/wp-content\/uploads\/2023\/03\/flakong-1.jpg\" class=\"attachment-large size-large wp-image-1674\" alt=\"\" srcset=\"https:\/\/haeklebuus.dk\/wp-content\/uploads\/2023\/03\/flakong-1.jpg 943w, https:\/\/haeklebuus.dk\/wp-content\/uploads\/2023\/03\/flakong-1-300x296.jpg 300w, https:\/\/haeklebuus.dk\/wp-content\/uploads\/2023\/03\/flakong-1-768x757.jpg 768w\" sizes=\"(max-width: 943px) 100vw, 943px\" \/>\t\t\t\t\t\t\t\t\t\t\t\t\t\t\t<\/div>\n\t\t\t\t<\/div>\n\t\t\t\t\t<\/div>\n\t\t<\/div>\n\t\t\t\t<div class=\"elementor-column elementor-col-25 elementor-top-column elementor-element elementor-element-65ab734\" data-id=\"65ab734\" data-element_type=\"column\">\n\t\t\t<div class=\"elementor-widget-wrap elementor-element-populated\">\n\t\t\t\t\t\t<div class=\"elementor-element elementor-element-3bacf0a elementor-widget elementor-widget-image\" data-id=\"3bacf0a\" data-element_type=\"widget\" data-widget_type=\"image.default\">\n\t\t\t\t<div class=\"elementor-widget-container\">\n\t\t\t\t\t\t\t\t\t\t\t\t\t\t\t<img decoding=\"async\" width=\"654\" height=\"872\" src=\"https:\/\/haeklebuus.dk\/wp-content\/uploads\/2022\/12\/IMG_20210921_195143.jpg\" class=\"attachment-large size-large wp-image-1400\" alt=\"\" srcset=\"https:\/\/haeklebuus.dk\/wp-content\/uploads\/2022\/12\/IMG_20210921_195143.jpg 654w, https:\/\/haeklebuus.dk\/wp-content\/uploads\/2022\/12\/IMG_20210921_195143-225x300.jpg 225w\" sizes=\"(max-width: 654px) 100vw, 654px\" \/>\t\t\t\t\t\t\t\t\t\t\t\t\t\t\t<\/div>\n\t\t\t\t<\/div>\n\t\t\t\t\t<\/div>\n\t\t<\/div>\n\t\t\t\t<div class=\"elementor-column elementor-col-25 elementor-top-column elementor-element elementor-element-88d2ad0\" data-id=\"88d2ad0\" data-element_type=\"column\">\n\t\t\t<div class=\"elementor-widget-wrap elementor-element-populated\">\n\t\t\t\t\t\t<div class=\"elementor-element elementor-element-6d9d179 elementor-widget elementor-widget-image\" data-id=\"6d9d179\" data-element_type=\"widget\" data-widget_type=\"image.default\">\n\t\t\t\t<div class=\"elementor-widget-container\">\n\t\t\t\t\t\t\t\t\t\t\t\t\t\t\t<img decoding=\"async\" width=\"654\" height=\"872\" src=\"https:\/\/haeklebuus.dk\/wp-content\/uploads\/2022\/12\/20220517_213814.jpg\" class=\"attachment-large size-large wp-image-1353\" alt=\"\" srcset=\"https:\/\/haeklebuus.dk\/wp-content\/uploads\/2022\/12\/20220517_213814.jpg 654w, https:\/\/haeklebuus.dk\/wp-content\/uploads\/2022\/12\/20220517_213814-225x300.jpg 225w\" sizes=\"(max-width: 654px) 100vw, 654px\" \/>\t\t\t\t\t\t\t\t\t\t\t\t\t\t\t<\/div>\n\t\t\t\t<\/div>\n\t\t\t\t\t<\/div>\n\t\t<\/div>\n\t\t\t\t<div class=\"elementor-column elementor-col-25 elementor-top-column elementor-element elementor-element-dac9040\" data-id=\"dac9040\" data-element_type=\"column\">\n\t\t\t<div class=\"elementor-widget-wrap elementor-element-populated\">\n\t\t\t\t\t\t<div class=\"elementor-element elementor-element-c10243d elementor-widget elementor-widget-image\" data-id=\"c10243d\" data-element_type=\"widget\" data-widget_type=\"image.default\">\n\t\t\t\t<div class=\"elementor-widget-container\">\n\t\t\t\t\t\t\t\t\t\t\t\t\t\t\t<img loading=\"lazy\" decoding=\"async\" width=\"848\" height=\"872\" src=\"https:\/\/haeklebuus.dk\/wp-content\/uploads\/2023\/03\/flakong-2.jpg\" class=\"attachment-large size-large wp-image-1670\" alt=\"\" srcset=\"https:\/\/haeklebuus.dk\/wp-content\/uploads\/2023\/03\/flakong-2.jpg 848w, https:\/\/haeklebuus.dk\/wp-content\/uploads\/2023\/03\/flakong-2-292x300.jpg 292w, https:\/\/haeklebuus.dk\/wp-content\/uploads\/2023\/03\/flakong-2-768x790.jpg 768w\" sizes=\"(max-width: 848px) 100vw, 848px\" \/>\t\t\t\t\t\t\t\t\t\t\t\t\t\t\t<\/div>\n\t\t\t\t<\/div>\n\t\t\t\t\t<\/div>\n\t\t<\/div>\n\t\t\t\t\t<\/div>\n\t\t<\/section>\n\t\t\t\t<section class=\"elementor-section elementor-top-section elementor-element elementor-element-1cc103d elementor-section-boxed elementor-section-height-default elementor-section-height-default\" data-id=\"1cc103d\" data-element_type=\"section\">\n\t\t\t\t\t\t<div class=\"elementor-container elementor-column-gap-default\">\n\t\t\t\t\t<div class=\"elementor-column elementor-col-100 elementor-top-column elementor-element elementor-element-b657018\" data-id=\"b657018\" data-element_type=\"column\">\n\t\t\t<div class=\"elementor-widget-wrap elementor-element-populated\">\n\t\t\t\t\t\t<div class=\"elementor-element elementor-element-bce6fb3 elementor-widget elementor-widget-text-editor\" data-id=\"bce6fb3\" data-element_type=\"widget\" data-widget_type=\"text-editor.default\">\n\t\t\t\t<div class=\"elementor-widget-container\">\n\t\t\t\t\t\t\t\t\t<p>Jeg t\u00e6nker, at ALLE kan se forskel p\u00e5 hvad der er hvad. Men for en sikkerheds skyld, vil jeg lige n\u00e6vne, at det er de nederste billeder der er Karklude<\/p>\n<p>Man kan jo komme til, at tage fejl, hvis man ikke ved det i forvejen&#8230;..&nbsp; Hi.. Hi.. Hi..&nbsp; \ud83d\ude09<\/p>\t\t\t\t\t\t\t\t<\/div>\n\t\t\t\t<\/div>\n\t\t\t\t\t<\/div>\n\t\t<\/div>\n\t\t\t\t\t<\/div>\n\t\t<\/section>\n\t\t\t\t<section class=\"elementor-section elementor-top-section elementor-element elementor-element-124a05b elementor-section-boxed elementor-section-height-default elementor-section-height-default\" data-id=\"124a05b\" data-element_type=\"section\">\n\t\t\t\t\t\t<div class=\"elementor-container elementor-column-gap-default\">\n\t\t\t\t\t<div class=\"elementor-column elementor-col-25 elementor-top-column elementor-element elementor-element-45c8a68\" data-id=\"45c8a68\" data-element_type=\"column\">\n\t\t\t<div class=\"elementor-widget-wrap elementor-element-populated\">\n\t\t\t\t\t\t<div class=\"elementor-element elementor-element-1c927b6 elementor-widget elementor-widget-image\" data-id=\"1c927b6\" data-element_type=\"widget\" data-widget_type=\"image.default\">\n\t\t\t\t<div class=\"elementor-widget-container\">\n\t\t\t\t\t\t\t\t\t\t\t\t\t\t\t<img loading=\"lazy\" decoding=\"async\" width=\"963\" height=\"872\" src=\"https:\/\/haeklebuus.dk\/wp-content\/uploads\/2023\/03\/karklud2.jpg\" class=\"attachment-large size-large wp-image-1672\" alt=\"\" srcset=\"https:\/\/haeklebuus.dk\/wp-content\/uploads\/2023\/03\/karklud2.jpg 963w, https:\/\/haeklebuus.dk\/wp-content\/uploads\/2023\/03\/karklud2-300x272.jpg 300w, https:\/\/haeklebuus.dk\/wp-content\/uploads\/2023\/03\/karklud2-768x695.jpg 768w\" sizes=\"(max-width: 963px) 100vw, 963px\" \/>\t\t\t\t\t\t\t\t\t\t\t\t\t\t\t<\/div>\n\t\t\t\t<\/div>\n\t\t\t\t\t<\/div>\n\t\t<\/div>\n\t\t\t\t<div class=\"elementor-column elementor-col-25 elementor-top-column elementor-element elementor-element-11a44f7\" data-id=\"11a44f7\" data-element_type=\"column\">\n\t\t\t<div class=\"elementor-widget-wrap elementor-element-populated\">\n\t\t\t\t\t\t<div class=\"elementor-element elementor-element-2e52a15 elementor-widget elementor-widget-image\" data-id=\"2e52a15\" data-element_type=\"widget\" data-widget_type=\"image.default\">\n\t\t\t\t<div class=\"elementor-widget-container\">\n\t\t\t\t\t\t\t\t\t\t\t\t\t\t\t<img loading=\"lazy\" decoding=\"async\" width=\"884\" height=\"872\" src=\"https:\/\/haeklebuus.dk\/wp-content\/uploads\/2023\/03\/karklud1.jpg\" class=\"attachment-large size-large wp-image-1671\" alt=\"\" srcset=\"https:\/\/haeklebuus.dk\/wp-content\/uploads\/2023\/03\/karklud1.jpg 884w, https:\/\/haeklebuus.dk\/wp-content\/uploads\/2023\/03\/karklud1-300x296.jpg 300w, https:\/\/haeklebuus.dk\/wp-content\/uploads\/2023\/03\/karklud1-768x758.jpg 768w\" sizes=\"(max-width: 884px) 100vw, 884px\" \/>\t\t\t\t\t\t\t\t\t\t\t\t\t\t\t<\/div>\n\t\t\t\t<\/div>\n\t\t\t\t\t<\/div>\n\t\t<\/div>\n\t\t\t\t<div class=\"elementor-column elementor-col-25 elementor-top-column elementor-element elementor-element-0fa6205\" data-id=\"0fa6205\" data-element_type=\"column\">\n\t\t\t<div class=\"elementor-widget-wrap elementor-element-populated\">\n\t\t\t\t\t\t<div class=\"elementor-element elementor-element-c7cb21d elementor-widget elementor-widget-image\" data-id=\"c7cb21d\" data-element_type=\"widget\" data-widget_type=\"image.default\">\n\t\t\t\t<div class=\"elementor-widget-container\">\n\t\t\t\t\t\t\t\t\t\t\t\t\t\t\t<img loading=\"lazy\" decoding=\"async\" width=\"960\" height=\"872\" src=\"https:\/\/haeklebuus.dk\/wp-content\/uploads\/2023\/03\/karklud3.jpg\" class=\"attachment-large size-large wp-image-1673\" alt=\"\" srcset=\"https:\/\/haeklebuus.dk\/wp-content\/uploads\/2023\/03\/karklud3.jpg 960w, https:\/\/haeklebuus.dk\/wp-content\/uploads\/2023\/03\/karklud3-300x273.jpg 300w, https:\/\/haeklebuus.dk\/wp-content\/uploads\/2023\/03\/karklud3-768x698.jpg 768w\" sizes=\"(max-width: 960px) 100vw, 960px\" \/>\t\t\t\t\t\t\t\t\t\t\t\t\t\t\t<\/div>\n\t\t\t\t<\/div>\n\t\t\t\t\t<\/div>\n\t\t<\/div>\n\t\t\t\t<div class=\"elementor-column elementor-col-25 elementor-top-column elementor-element elementor-element-a1e9fe5\" data-id=\"a1e9fe5\" data-element_type=\"column\">\n\t\t\t<div class=\"elementor-widget-wrap\">\n\t\t\t\t\t\t\t<\/div>\n\t\t<\/div>\n\t\t\t\t\t<\/div>\n\t\t<\/section>\n\t\t\t\t<\/div>\n\t\t","protected":false},"excerpt":{"rendered":"<p>Flakonger og Karklude. . . &#8230; !!! Jeg t\u00e6nker, at ALLE kan se forskel p\u00e5 hvad der er hvad. Men for en sikkerheds skyld, vil jeg lige n\u00e6vne, at det er de nederste billeder der er Karklude Man kan jo komme til, at tage fejl, hvis man ikke ved det i forvejen&#8230;..&nbsp; Hi.. Hi.. Hi..&nbsp; &hellip;<\/p>\n<p class=\"read-more\"> <a class=\"\" href=\"https:\/\/haeklebuus.dk\/index.php\/elementor-1807\/\"> <span class=\"screen-reader-text\">Elementor #1807<\/span> L\u00e6s mere &raquo;<\/a><\/p>\n","protected":false},"author":1,"featured_media":0,"parent":0,"menu_order":0,"comment_status":"closed","ping_status":"closed","template":"","meta":{"site-sidebar-layout":"no-sidebar","site-content-layout":"page-builder","ast-global-header-display":"","ast-banner-title-visibility":"","ast-main-header-display":"","ast-hfb-above-header-display":"","ast-hfb-below-header-display":"","ast-hfb-mobile-header-display":"","site-post-title":"disabled","ast-breadcrumbs-content":"","ast-featured-img":"disabled","footer-sml-layout":"","theme-transparent-header-meta":"","adv-header-id-meta":"","stick-header-meta":"","header-above-stick-meta":"","header-main-stick-meta":"","header-below-stick-meta":"","footnotes":""},"class_list":["post-1807","page","type-page","status-publish","hentry"],"_links":{"self":[{"href":"https:\/\/haeklebuus.dk\/index.php\/wp-json\/wp\/v2\/pages\/1807","targetHints":{"allow":["GET"]}}],"collection":[{"href":"https:\/\/haeklebuus.dk\/index.php\/wp-json\/wp\/v2\/pages"}],"about":[{"href":"https:\/\/haeklebuus.dk\/index.php\/wp-json\/wp\/v2\/types\/page"}],"author":[{"embeddable":true,"href":"https:\/\/haeklebuus.dk\/index.php\/wp-json\/wp\/v2\/users\/1"}],"replies":[{"embeddable":true,"href":"https:\/\/haeklebuus.dk\/index.php\/wp-json\/wp\/v2\/comments?post=1807"}],"version-history":[{"count":7,"href":"https:\/\/haeklebuus.dk\/index.php\/wp-json\/wp\/v2\/pages\/1807\/revisions"}],"predecessor-version":[{"id":1814,"href":"https:\/\/haeklebuus.dk\/index.php\/wp-json\/wp\/v2\/pages\/1807\/revisions\/1814"}],"wp:attachment":[{"href":"https:\/\/haeklebuus.dk\/index.php\/wp-json\/wp\/v2\/media?parent=1807"}],"curies":[{"name":"wp","href":"https:\/\/api.w.org\/{rel}","templated":true}]}}