{"id":1648,"date":"2022-12-16T05:54:04","date_gmt":"2022-12-16T05:54:04","guid":{"rendered":"https:\/\/haeklebuus.dk\/?page_id=1648"},"modified":"2023-03-17T06:06:15","modified_gmt":"2023-03-17T06:06:15","slug":"at-haekle-er-at-leve","status":"publish","type":"page","link":"https:\/\/haeklebuus.dk\/index.php\/at-haekle-er-at-leve\/","title":{"rendered":"At h\u00e6kle er at leve.."},"content":{"rendered":"\t\t<div data-elementor-type=\"wp-page\" data-elementor-id=\"1648\" class=\"elementor elementor-1648\">\n\t\t\t\t\t\t<section class=\"elementor-section elementor-top-section elementor-element elementor-element-ba5a3ae elementor-section-boxed elementor-section-height-default elementor-section-height-default\" data-id=\"ba5a3ae\" data-element_type=\"section\">\n\t\t\t\t\t\t<div class=\"elementor-container elementor-column-gap-default\">\n\t\t\t\t\t<div class=\"elementor-column elementor-col-100 elementor-top-column elementor-element elementor-element-a05711c\" data-id=\"a05711c\" data-element_type=\"column\">\n\t\t\t<div class=\"elementor-widget-wrap elementor-element-populated\">\n\t\t\t\t\t\t<div class=\"elementor-element elementor-element-f3f0530 elementor-widget elementor-widget-image\" data-id=\"f3f0530\" data-element_type=\"widget\" data-widget_type=\"image.default\">\n\t\t\t\t<div class=\"elementor-widget-container\">\n\t\t\t\t\t\t\t\t\t\t\t\t\t\t\t<img decoding=\"async\" src=\"https:\/\/haeklebuus.dk\/wp-content\/uploads\/elementor\/thumbs\/hvidt-trae-pz58vg7vlpssk57omfbr7xte6dnb9utx6duxwppneg.jpg\" title=\"hvidt tr\u00e6\" alt=\"hvidt tr\u00e6\" loading=\"lazy\" \/>\t\t\t\t\t\t\t\t\t\t\t\t\t\t\t<\/div>\n\t\t\t\t<\/div>\n\t\t\t\t\t<\/div>\n\t\t<\/div>\n\t\t\t\t\t<\/div>\n\t\t<\/section>\n\t\t\t\t<section class=\"elementor-section elementor-top-section elementor-element elementor-element-7407030 elementor-section-boxed elementor-section-height-default elementor-section-height-default\" data-id=\"7407030\" data-element_type=\"section\">\n\t\t\t\t\t\t<div class=\"elementor-container elementor-column-gap-default\">\n\t\t\t\t\t<div class=\"elementor-column elementor-col-100 elementor-top-column elementor-element elementor-element-4dbea8f\" data-id=\"4dbea8f\" data-element_type=\"column\">\n\t\t\t<div class=\"elementor-widget-wrap elementor-element-populated\">\n\t\t\t\t\t\t<div class=\"elementor-element elementor-element-8ab897d elementor-widget elementor-widget-heading\" data-id=\"8ab897d\" data-element_type=\"widget\" data-widget_type=\"heading.default\">\n\t\t\t\t<div class=\"elementor-widget-container\">\n\t\t\t\t\t<h2 class=\"elementor-heading-title elementor-size-xxl\">At h\u00e6kle er at leve. . !!<\/h2>\t\t\t\t<\/div>\n\t\t\t\t<\/div>\n\t\t\t\t\t<\/div>\n\t\t<\/div>\n\t\t\t\t\t<\/div>\n\t\t<\/section>\n\t\t\t\t<section class=\"elementor-section elementor-top-section elementor-element elementor-element-b5bef55 elementor-section-boxed elementor-section-height-default elementor-section-height-default\" data-id=\"b5bef55\" data-element_type=\"section\">\n\t\t\t\t\t\t<div class=\"elementor-container elementor-column-gap-default\">\n\t\t\t\t\t<div class=\"elementor-column elementor-col-25 elementor-top-column elementor-element elementor-element-c916e65\" data-id=\"c916e65\" data-element_type=\"column\">\n\t\t\t<div class=\"elementor-widget-wrap elementor-element-populated\">\n\t\t\t\t\t\t<div class=\"elementor-element elementor-element-e3d4c65 elementor-widget elementor-widget-text-editor\" data-id=\"e3d4c65\" data-element_type=\"widget\" data-widget_type=\"text-editor.default\">\n\t\t\t\t<div class=\"elementor-widget-container\">\n\t\t\t\t\t\t\t\t\t<p><span style=\"font-family: Times New Roman, serif;\"><span style=\"font-size: large;\">At h\u00e6kle er, at leve\u2026. !!<\/span><\/span><\/p><p><span style=\"font-family: Times New Roman, serif;\">Har du tid til overs, hvorfor s\u00e5 ikke bruge tiden p\u00e5 at h\u00e6kle. Nu er jeg ikke nogen strikker, s\u00e5 derfor handler min side om at h\u00e6kle, og hvis der kommer et lille strikke indslag. S\u00e5 er det bestemt ikke noget, at nogen skal forvente sig s\u00e6rligt meget af..<\/span><\/p>\t\t\t\t\t\t\t\t<\/div>\n\t\t\t\t<\/div>\n\t\t\t\t\t<\/div>\n\t\t<\/div>\n\t\t\t\t<div class=\"elementor-column elementor-col-25 elementor-top-column elementor-element elementor-element-243e532\" data-id=\"243e532\" data-element_type=\"column\">\n\t\t\t<div class=\"elementor-widget-wrap elementor-element-populated\">\n\t\t\t\t\t\t<div class=\"elementor-element elementor-element-39835f5 elementor-widget elementor-widget-image\" data-id=\"39835f5\" data-element_type=\"widget\" data-widget_type=\"image.default\">\n\t\t\t\t<div class=\"elementor-widget-container\">\n\t\t\t\t\t\t\t\t\t\t\t\t\t\t\t<img fetchpriority=\"high\" decoding=\"async\" width=\"654\" height=\"872\" src=\"https:\/\/haeklebuus.dk\/wp-content\/uploads\/2022\/12\/20220210_073118.jpg\" class=\"attachment-large size-large wp-image-1349\" alt=\"\" srcset=\"https:\/\/haeklebuus.dk\/wp-content\/uploads\/2022\/12\/20220210_073118.jpg 654w, https:\/\/haeklebuus.dk\/wp-content\/uploads\/2022\/12\/20220210_073118-225x300.jpg 225w\" sizes=\"(max-width: 654px) 100vw, 654px\" \/>\t\t\t\t\t\t\t\t\t\t\t\t\t\t\t<\/div>\n\t\t\t\t<\/div>\n\t\t\t\t\t<\/div>\n\t\t<\/div>\n\t\t\t\t<div class=\"elementor-column elementor-col-25 elementor-top-column elementor-element elementor-element-ac27c37\" data-id=\"ac27c37\" data-element_type=\"column\">\n\t\t\t<div class=\"elementor-widget-wrap elementor-element-populated\">\n\t\t\t\t\t\t<div class=\"elementor-element elementor-element-65f6a0b elementor-widget elementor-widget-text-editor\" data-id=\"65f6a0b\" data-element_type=\"widget\" data-widget_type=\"text-editor.default\">\n\t\t\t\t<div class=\"elementor-widget-container\">\n\t\t\t\t\t\t\t\t\t<p><span style=\"font-family: Times New Roman, serif;\">Som det eneste p\u00e5 denne hjemmeside.<\/span><\/p><p><span style=\"font-family: Times New Roman, serif;\">S\u00e5 er denne lille kramme fantasikanin, det eneste der er noget der er strikket ved.<\/span><\/p><p><span style=\"font-family: Times New Roman, serif;\">Det holdt virkelig h\u00e5rdt, for mine skuldre befinder sig oppe ved \u00f8rene, n\u00e5r jeg fors\u00f8ger mig med at\u00a0 strikke.<\/span><\/p><p><span style=\"font-family: Times New Roman, serif;\">S\u00e5 jeg m\u00e5tte have noget strikkehj\u00e6lp af en veninde.<\/span><\/p>\t\t\t\t\t\t\t\t<\/div>\n\t\t\t\t<\/div>\n\t\t\t\t\t<\/div>\n\t\t<\/div>\n\t\t\t\t<div class=\"elementor-column elementor-col-25 elementor-top-column elementor-element elementor-element-ec91d44\" data-id=\"ec91d44\" data-element_type=\"column\">\n\t\t\t<div class=\"elementor-widget-wrap\">\n\t\t\t\t\t\t\t<\/div>\n\t\t<\/div>\n\t\t\t\t\t<\/div>\n\t\t<\/section>\n\t\t\t\t<section class=\"elementor-section elementor-top-section elementor-element elementor-element-8fc3a4f elementor-section-boxed elementor-section-height-default elementor-section-height-default\" data-id=\"8fc3a4f\" data-element_type=\"section\">\n\t\t\t\t\t\t<div class=\"elementor-container elementor-column-gap-default\">\n\t\t\t\t\t<div class=\"elementor-column elementor-col-100 elementor-top-column elementor-element elementor-element-b2a1e84\" data-id=\"b2a1e84\" data-element_type=\"column\">\n\t\t\t<div class=\"elementor-widget-wrap elementor-element-populated\">\n\t\t\t\t\t\t<div class=\"elementor-element elementor-element-7241876 elementor-widget elementor-widget-heading\" data-id=\"7241876\" data-element_type=\"widget\" data-widget_type=\"heading.default\">\n\t\t\t\t<div class=\"elementor-widget-container\">\n\t\t\t\t\t<h2 class=\"elementor-heading-title elementor-size-default\">H\u00e6klerier fra gammel tid . . . . . . !!!<\/h2>\t\t\t\t<\/div>\n\t\t\t\t<\/div>\n\t\t\t\t<div class=\"elementor-element elementor-element-c1f59b8 elementor-widget elementor-widget-text-editor\" data-id=\"c1f59b8\" data-element_type=\"widget\" data-widget_type=\"text-editor.default\">\n\t\t\t\t<div class=\"elementor-widget-container\">\n\t\t\t\t\t\t\t\t\t<p><span style=\"font-family: Times New Roman, serif;\"><span style=\"font-size: medium;\">Her er jeg lige n\u00f8dt til at fort\u00e6lle, at jeg h\u00e6klede flakonger som barn. Det var min Mormor der i sin tid l\u00e6rte mig h\u00e6kleriets kunst. Og det gjorde jeg i flere \u00e5r f\u00f8r end jeg mistede interessen som teanager.<\/span><\/span><\/p><p><span style=\"font-family: Times New Roman, serif;\"><span style=\"font-size: medium;\">Jeg ville hellere l\u00f8be og lave forskellige sportsgrene. Det er ikke for intet jeg er blevet kaldt sportstosse.<\/span><\/span><\/p><p><span style=\"font-family: Times New Roman, serif;\"><span style=\"font-size: medium;\">Jeg var meget bidt af bordtennis og skydning. Ogs\u00e5 det at l\u00f8be, har jeg v\u00e6ret fuldst\u00e6ndig vild med.<\/span><\/span><\/p><p><span style=\"font-family: Times New Roman, serif;\"><span style=\"font-size: medium;\">Men nu har jeg set at h\u00e6kling, det var godt at have l\u00e6rt. For jeg har aldrig glemt at h\u00e6kle, selvom det ikke er mere end nok maximum 10 \u00e5r siden jeg lavede den lille abe og bl\u00e6ksprutten (ca. 2013)<\/span><\/span><\/p><p>For alvor, tog jeg fat p\u00e5 at h\u00e6kle igen omkring \u00e5r 2019. Hvor jeg igen skulle til at v\u00e6re Moster, og denne gang blev det en sk\u00f8n lille dreng.<\/p>\t\t\t\t\t\t\t\t<\/div>\n\t\t\t\t<\/div>\n\t\t\t\t\t<\/div>\n\t\t<\/div>\n\t\t\t\t\t<\/div>\n\t\t<\/section>\n\t\t\t\t<section class=\"elementor-section elementor-top-section elementor-element elementor-element-629f2b7 elementor-section-boxed elementor-section-height-default elementor-section-height-default\" data-id=\"629f2b7\" data-element_type=\"section\">\n\t\t\t\t\t\t<div class=\"elementor-container elementor-column-gap-default\">\n\t\t\t\t\t<div class=\"elementor-column elementor-col-50 elementor-top-column elementor-element elementor-element-49cf8e8\" data-id=\"49cf8e8\" data-element_type=\"column\">\n\t\t\t<div class=\"elementor-widget-wrap elementor-element-populated\">\n\t\t\t\t\t\t<div class=\"elementor-element elementor-element-7b21dc1 elementor-widget elementor-widget-image\" data-id=\"7b21dc1\" data-element_type=\"widget\" data-widget_type=\"image.default\">\n\t\t\t\t<div class=\"elementor-widget-container\">\n\t\t\t\t\t\t\t\t\t\t\t\t\t\t\t<img decoding=\"async\" width=\"225\" height=\"300\" src=\"https:\/\/haeklebuus.dk\/wp-content\/uploads\/2022\/12\/IMG_20190531_112735-225x300.jpg\" class=\"attachment-medium size-medium wp-image-1385\" alt=\"\" srcset=\"https:\/\/haeklebuus.dk\/wp-content\/uploads\/2022\/12\/IMG_20190531_112735-225x300.jpg 225w, https:\/\/haeklebuus.dk\/wp-content\/uploads\/2022\/12\/IMG_20190531_112735.jpg 654w\" sizes=\"(max-width: 225px) 100vw, 225px\" \/>\t\t\t\t\t\t\t\t\t\t\t\t\t\t\t<\/div>\n\t\t\t\t<\/div>\n\t\t\t\t\t<\/div>\n\t\t<\/div>\n\t\t\t\t<div class=\"elementor-column elementor-col-50 elementor-top-column elementor-element elementor-element-10f0a29\" data-id=\"10f0a29\" data-element_type=\"column\">\n\t\t\t<div class=\"elementor-widget-wrap elementor-element-populated\">\n\t\t\t\t\t\t<div class=\"elementor-element elementor-element-21d1bb4 elementor-widget elementor-widget-image\" data-id=\"21d1bb4\" data-element_type=\"widget\" data-widget_type=\"image.default\">\n\t\t\t\t<div class=\"elementor-widget-container\">\n\t\t\t\t\t\t\t\t\t\t\t\t\t\t\t<img decoding=\"async\" width=\"300\" height=\"224\" src=\"https:\/\/haeklebuus.dk\/wp-content\/uploads\/2022\/12\/IMG_0405-300x224.jpg\" class=\"attachment-medium size-medium wp-image-1374\" alt=\"\" srcset=\"https:\/\/haeklebuus.dk\/wp-content\/uploads\/2022\/12\/IMG_0405-300x224.jpg 300w, https:\/\/haeklebuus.dk\/wp-content\/uploads\/2022\/12\/IMG_0405-1024x764.jpg 1024w, https:\/\/haeklebuus.dk\/wp-content\/uploads\/2022\/12\/IMG_0405-768x573.jpg 768w, https:\/\/haeklebuus.dk\/wp-content\/uploads\/2022\/12\/IMG_0405.jpg 1168w\" sizes=\"(max-width: 300px) 100vw, 300px\" \/>\t\t\t\t\t\t\t\t\t\t\t\t\t\t\t<\/div>\n\t\t\t\t<\/div>\n\t\t\t\t\t<\/div>\n\t\t<\/div>\n\t\t\t\t\t<\/div>\n\t\t<\/section>\n\t\t\t\t<\/div>\n\t\t","protected":false},"excerpt":{"rendered":"<p>At h\u00e6kle er at leve. . !! At h\u00e6kle er, at leve\u2026. !! Har du tid til overs, hvorfor s\u00e5 ikke bruge tiden p\u00e5 at h\u00e6kle. Nu er jeg ikke nogen strikker, s\u00e5 derfor handler min side om at h\u00e6kle, og hvis der kommer et lille strikke indslag. S\u00e5 er det bestemt ikke noget, at &hellip;<\/p>\n<p class=\"read-more\"> <a class=\"\" href=\"https:\/\/haeklebuus.dk\/index.php\/at-haekle-er-at-leve\/\"> <span class=\"screen-reader-text\">At h\u00e6kle er at leve..<\/span> L\u00e6s mere &raquo;<\/a><\/p>\n","protected":false},"author":1,"featured_media":0,"parent":0,"menu_order":0,"comment_status":"closed","ping_status":"closed","template":"","meta":{"site-sidebar-layout":"no-sidebar","site-content-layout":"page-builder","ast-global-header-display":"","ast-banner-title-visibility":"","ast-main-header-display":"","ast-hfb-above-header-display":"","ast-hfb-below-header-display":"","ast-hfb-mobile-header-display":"","site-post-title":"disabled","ast-breadcrumbs-content":"","ast-featured-img":"disabled","footer-sml-layout":"","theme-transparent-header-meta":"","adv-header-id-meta":"","stick-header-meta":"","header-above-stick-meta":"","header-main-stick-meta":"","header-below-stick-meta":"","footnotes":""},"class_list":["post-1648","page","type-page","status-publish","hentry"],"_links":{"self":[{"href":"https:\/\/haeklebuus.dk\/index.php\/wp-json\/wp\/v2\/pages\/1648","targetHints":{"allow":["GET"]}}],"collection":[{"href":"https:\/\/haeklebuus.dk\/index.php\/wp-json\/wp\/v2\/pages"}],"about":[{"href":"https:\/\/haeklebuus.dk\/index.php\/wp-json\/wp\/v2\/types\/page"}],"author":[{"embeddable":true,"href":"https:\/\/haeklebuus.dk\/index.php\/wp-json\/wp\/v2\/users\/1"}],"replies":[{"embeddable":true,"href":"https:\/\/haeklebuus.dk\/index.php\/wp-json\/wp\/v2\/comments?post=1648"}],"version-history":[{"count":22,"href":"https:\/\/haeklebuus.dk\/index.php\/wp-json\/wp\/v2\/pages\/1648\/revisions"}],"predecessor-version":[{"id":1782,"href":"https:\/\/haeklebuus.dk\/index.php\/wp-json\/wp\/v2\/pages\/1648\/revisions\/1782"}],"wp:attachment":[{"href":"https:\/\/haeklebuus.dk\/index.php\/wp-json\/wp\/v2\/media?parent=1648"}],"curies":[{"name":"wp","href":"https:\/\/api.w.org\/{rel}","templated":true}]}}