{"id":1636,"date":"2022-12-16T03:53:03","date_gmt":"2022-12-16T03:53:03","guid":{"rendered":"https:\/\/haeklebuus.dk\/?page_id=1636"},"modified":"2023-03-17T05:28:09","modified_gmt":"2023-03-17T05:28:09","slug":"hvorfor-bruge-tid-paa-at-haekle","status":"publish","type":"page","link":"https:\/\/haeklebuus.dk\/index.php\/hvorfor-bruge-tid-paa-at-haekle\/","title":{"rendered":"Hvorfor bruge tid p\u00e5 at h\u00e6kle"},"content":{"rendered":"\t\t<div data-elementor-type=\"wp-page\" data-elementor-id=\"1636\" class=\"elementor elementor-1636\">\n\t\t\t\t\t\t<section class=\"elementor-section elementor-top-section elementor-element elementor-element-fcc2938 elementor-section-boxed elementor-section-height-default elementor-section-height-default\" data-id=\"fcc2938\" data-element_type=\"section\">\n\t\t\t\t\t\t<div class=\"elementor-container elementor-column-gap-default\">\n\t\t\t\t\t<div class=\"elementor-column elementor-col-100 elementor-top-column elementor-element elementor-element-f28ddcb\" data-id=\"f28ddcb\" data-element_type=\"column\">\n\t\t\t<div class=\"elementor-widget-wrap elementor-element-populated\">\n\t\t\t\t\t\t<div class=\"elementor-element elementor-element-672e828 elementor-widget elementor-widget-image\" data-id=\"672e828\" data-element_type=\"widget\" data-widget_type=\"image.default\">\n\t\t\t\t<div class=\"elementor-widget-container\">\n\t\t\t\t\t\t\t\t\t\t\t\t\t\t\t<img decoding=\"async\" src=\"https:\/\/haeklebuus.dk\/wp-content\/uploads\/elementor\/thumbs\/hvidt-trae-pz58vg7vlpssk57omfbr7xte6dnb9utx6duxwppneg.jpg\" title=\"hvidt tr\u00e6\" alt=\"hvidt tr\u00e6\" loading=\"lazy\" \/>\t\t\t\t\t\t\t\t\t\t\t\t\t\t\t<\/div>\n\t\t\t\t<\/div>\n\t\t\t\t\t<\/div>\n\t\t<\/div>\n\t\t\t\t\t<\/div>\n\t\t<\/section>\n\t\t\t\t<section class=\"elementor-section elementor-top-section elementor-element elementor-element-8635053 elementor-section-boxed elementor-section-height-default elementor-section-height-default\" data-id=\"8635053\" data-element_type=\"section\">\n\t\t\t\t\t\t<div class=\"elementor-container elementor-column-gap-default\">\n\t\t\t\t\t<div class=\"elementor-column elementor-col-100 elementor-top-column elementor-element elementor-element-d8c80b7\" data-id=\"d8c80b7\" data-element_type=\"column\">\n\t\t\t<div class=\"elementor-widget-wrap elementor-element-populated\">\n\t\t\t\t\t\t<div class=\"elementor-element elementor-element-065f84f elementor-widget elementor-widget-heading\" data-id=\"065f84f\" data-element_type=\"widget\" data-widget_type=\"heading.default\">\n\t\t\t\t<div class=\"elementor-widget-container\">\n\t\t\t\t\t<h2 class=\"elementor-heading-title elementor-size-xxl\">Hvorfor bruge tid p\u00e5 at h\u00e6kle. . . ... !!!<\/h2>\t\t\t\t<\/div>\n\t\t\t\t<\/div>\n\t\t\t\t\t<\/div>\n\t\t<\/div>\n\t\t\t\t\t<\/div>\n\t\t<\/section>\n\t\t\t\t<section class=\"elementor-section elementor-top-section elementor-element elementor-element-87cd53c elementor-section-boxed elementor-section-height-default elementor-section-height-default\" data-id=\"87cd53c\" data-element_type=\"section\">\n\t\t\t\t\t\t<div class=\"elementor-container elementor-column-gap-default\">\n\t\t\t\t\t<div class=\"elementor-column elementor-col-50 elementor-top-column elementor-element elementor-element-a09af76\" data-id=\"a09af76\" data-element_type=\"column\">\n\t\t\t<div class=\"elementor-widget-wrap elementor-element-populated\">\n\t\t\t\t\t\t<div class=\"elementor-element elementor-element-0c21dda elementor-widget elementor-widget-text-editor\" data-id=\"0c21dda\" data-element_type=\"widget\" data-widget_type=\"text-editor.default\">\n\t\t\t\t<div class=\"elementor-widget-container\">\n\t\t\t\t\t\t\t\t\t<p align=\"LEFT\"><span style=\"color: #656565;\"><span style=\"font-family: Times New Roman, serif;\"><span style=\"font-size: large;\">Fordi at h\u00e6kling er sjovt, og fordi, at man slapper rigtig godt af i b\u00e5de hjerne og krop n\u00e5r man sidder og h\u00e6kler.<\/span><\/span><\/span><\/p><p align=\"LEFT\">\u00a0<\/p><p><span style=\"color: #656565;\"><span style=\"font-family: Times New Roman, serif;\"><span style=\"font-size: large;\">Det er godt for psyken, motorikken og rigtig mange andre ting.<\/span><\/span><\/span><\/p><p>\u00a0<\/p><p><span style=\"color: #656565;\"><span style=\"font-family: Times New Roman, serif;\"><span style=\"font-size: large;\">Og har du lyst, til en god kop kaffe imens du h\u00e6kler, er der heller ikke noget i vejen med det. Husk blot at kaffen nemt bliver for kold at drikke,\u00a0da opm\u00e6rksomheden nemt bliver i h\u00e6klet\u00f8jet.<\/span><\/span><\/span><\/p><p>\u00a0<\/p><p><span style=\"color: #656565;\"><span style=\"font-family: Times New Roman, serif;\"><span style=\"font-size: large;\">S\u00e5dan er det i det mindste for mig\u2026&#8230;<\/span><\/span><\/span><\/p>\t\t\t\t\t\t\t\t<\/div>\n\t\t\t\t<\/div>\n\t\t\t\t\t<\/div>\n\t\t<\/div>\n\t\t\t\t<div class=\"elementor-column elementor-col-50 elementor-top-column elementor-element elementor-element-00bb1ec\" data-id=\"00bb1ec\" data-element_type=\"column\">\n\t\t\t<div class=\"elementor-widget-wrap elementor-element-populated\">\n\t\t\t\t\t\t<section class=\"elementor-section elementor-inner-section elementor-element elementor-element-872017d elementor-section-boxed elementor-section-height-default elementor-section-height-default\" data-id=\"872017d\" data-element_type=\"section\">\n\t\t\t\t\t\t<div class=\"elementor-container elementor-column-gap-default\">\n\t\t\t\t\t<div class=\"elementor-column elementor-col-50 elementor-inner-column elementor-element elementor-element-8100e04\" data-id=\"8100e04\" data-element_type=\"column\">\n\t\t\t<div class=\"elementor-widget-wrap elementor-element-populated\">\n\t\t\t\t\t\t<div class=\"elementor-element elementor-element-707fea6 elementor-widget elementor-widget-image\" data-id=\"707fea6\" data-element_type=\"widget\" data-widget_type=\"image.default\">\n\t\t\t\t<div class=\"elementor-widget-container\">\n\t\t\t\t\t\t\t\t\t\t\t\t<figure class=\"wp-caption\">\n\t\t\t\t\t\t\t\t\t\t<img fetchpriority=\"high\" decoding=\"async\" width=\"654\" height=\"872\" src=\"https:\/\/haeklebuus.dk\/wp-content\/uploads\/2022\/12\/1570877365508.jpg\" class=\"attachment-large size-large wp-image-1364\" alt=\"\" srcset=\"https:\/\/haeklebuus.dk\/wp-content\/uploads\/2022\/12\/1570877365508.jpg 654w, https:\/\/haeklebuus.dk\/wp-content\/uploads\/2022\/12\/1570877365508-225x300.jpg 225w\" sizes=\"(max-width: 654px) 100vw, 654px\" \/>\t\t\t\t\t\t\t\t\t\t\t<figcaption class=\"widget-image-caption wp-caption-text\">Blebuksen set med vrangen udad.<\/figcaption>\n\t\t\t\t\t\t\t\t\t\t<\/figure>\n\t\t\t\t\t\t\t\t\t<\/div>\n\t\t\t\t<\/div>\n\t\t\t\t\t<\/div>\n\t\t<\/div>\n\t\t\t\t<div class=\"elementor-column elementor-col-50 elementor-inner-column elementor-element elementor-element-89d9e6b\" data-id=\"89d9e6b\" data-element_type=\"column\">\n\t\t\t<div class=\"elementor-widget-wrap elementor-element-populated\">\n\t\t\t\t\t\t<div class=\"elementor-element elementor-element-f4fb9d4 elementor-widget elementor-widget-image\" data-id=\"f4fb9d4\" data-element_type=\"widget\" data-widget_type=\"image.default\">\n\t\t\t\t<div class=\"elementor-widget-container\">\n\t\t\t\t\t\t\t\t\t\t\t\t<figure class=\"wp-caption\">\n\t\t\t\t\t\t\t\t\t\t<img decoding=\"async\" width=\"654\" height=\"872\" src=\"https:\/\/haeklebuus.dk\/wp-content\/uploads\/2022\/12\/1570862774516.jpg\" class=\"attachment-large size-large wp-image-1363\" alt=\"\" srcset=\"https:\/\/haeklebuus.dk\/wp-content\/uploads\/2022\/12\/1570862774516.jpg 654w, https:\/\/haeklebuus.dk\/wp-content\/uploads\/2022\/12\/1570862774516-225x300.jpg 225w\" sizes=\"(max-width: 654px) 100vw, 654px\" \/>\t\t\t\t\t\t\t\t\t\t\t<figcaption class=\"widget-image-caption wp-caption-text\">Blebuksen set bagfra.<\/figcaption>\n\t\t\t\t\t\t\t\t\t\t<\/figure>\n\t\t\t\t\t\t\t\t\t<\/div>\n\t\t\t\t<\/div>\n\t\t\t\t\t<\/div>\n\t\t<\/div>\n\t\t\t\t\t<\/div>\n\t\t<\/section>\n\t\t\t\t\t<\/div>\n\t\t<\/div>\n\t\t\t\t\t<\/div>\n\t\t<\/section>\n\t\t\t\t<section class=\"elementor-section elementor-top-section elementor-element elementor-element-b6b443a elementor-section-boxed elementor-section-height-default elementor-section-height-default\" data-id=\"b6b443a\" data-element_type=\"section\">\n\t\t\t\t\t\t<div class=\"elementor-container elementor-column-gap-default\">\n\t\t\t\t\t<div class=\"elementor-column elementor-col-25 elementor-top-column elementor-element elementor-element-a1174f8\" data-id=\"a1174f8\" data-element_type=\"column\">\n\t\t\t<div class=\"elementor-widget-wrap elementor-element-populated\">\n\t\t\t\t\t\t<div class=\"elementor-element elementor-element-55b9371 elementor-widget elementor-widget-image\" data-id=\"55b9371\" data-element_type=\"widget\" data-widget_type=\"image.default\">\n\t\t\t\t<div class=\"elementor-widget-container\">\n\t\t\t\t\t\t\t\t\t\t\t\t<figure class=\"wp-caption\">\n\t\t\t\t\t\t\t\t\t\t<img decoding=\"async\" width=\"654\" height=\"872\" src=\"https:\/\/haeklebuus.dk\/wp-content\/uploads\/2022\/12\/1570862743293.jpg\" class=\"attachment-large size-large wp-image-1362\" alt=\"\" srcset=\"https:\/\/haeklebuus.dk\/wp-content\/uploads\/2022\/12\/1570862743293.jpg 654w, https:\/\/haeklebuus.dk\/wp-content\/uploads\/2022\/12\/1570862743293-225x300.jpg 225w\" sizes=\"(max-width: 654px) 100vw, 654px\" \/>\t\t\t\t\t\t\t\t\t\t\t<figcaption class=\"widget-image-caption wp-caption-text\">Blebuksen set forfra.<\/figcaption>\n\t\t\t\t\t\t\t\t\t\t<\/figure>\n\t\t\t\t\t\t\t\t\t<\/div>\n\t\t\t\t<\/div>\n\t\t\t\t\t<\/div>\n\t\t<\/div>\n\t\t\t\t<div class=\"elementor-column elementor-col-25 elementor-top-column elementor-element elementor-element-e60bbc5\" data-id=\"e60bbc5\" data-element_type=\"column\">\n\t\t\t<div class=\"elementor-widget-wrap elementor-element-populated\">\n\t\t\t\t\t\t<div class=\"elementor-element elementor-element-0693e7a elementor-widget elementor-widget-image\" data-id=\"0693e7a\" data-element_type=\"widget\" data-widget_type=\"image.default\">\n\t\t\t\t<div class=\"elementor-widget-container\">\n\t\t\t\t\t\t\t\t\t\t\t\t<figure class=\"wp-caption\">\n\t\t\t\t\t\t\t\t\t\t<img loading=\"lazy\" decoding=\"async\" width=\"1024\" height=\"768\" src=\"https:\/\/haeklebuus.dk\/wp-content\/uploads\/2022\/12\/1570877387961-1-1024x768.jpg\" class=\"attachment-large size-large wp-image-1365\" alt=\"\" srcset=\"https:\/\/haeklebuus.dk\/wp-content\/uploads\/2022\/12\/1570877387961-1-1024x768.jpg 1024w, https:\/\/haeklebuus.dk\/wp-content\/uploads\/2022\/12\/1570877387961-1-300x225.jpg 300w, https:\/\/haeklebuus.dk\/wp-content\/uploads\/2022\/12\/1570877387961-1-768x576.jpg 768w, https:\/\/haeklebuus.dk\/wp-content\/uploads\/2022\/12\/1570877387961-1.jpg 1163w\" sizes=\"(max-width: 1024px) 100vw, 1024px\" \/>\t\t\t\t\t\t\t\t\t\t\t<figcaption class=\"widget-image-caption wp-caption-text\">Her er Blebuksen sl\u00e5et lidt us s\u00e5 man kan se detaljerne indeni.<\/figcaption>\n\t\t\t\t\t\t\t\t\t\t<\/figure>\n\t\t\t\t\t\t\t\t\t<\/div>\n\t\t\t\t<\/div>\n\t\t\t\t\t<\/div>\n\t\t<\/div>\n\t\t\t\t<div class=\"elementor-column elementor-col-50 elementor-top-column elementor-element elementor-element-2bb37c3\" data-id=\"2bb37c3\" data-element_type=\"column\">\n\t\t\t<div class=\"elementor-widget-wrap elementor-element-populated\">\n\t\t\t\t\t\t<div class=\"elementor-element elementor-element-a1a5207 elementor-widget elementor-widget-text-editor\" data-id=\"a1a5207\" data-element_type=\"widget\" data-widget_type=\"text-editor.default\">\n\t\t\t\t<div class=\"elementor-widget-container\">\n\t\t\t\t\t\t\t\t\t<p align=\"LEFT\"><span style=\"font-family: Times New Roman, serif;\"><span style=\"font-size: large;\">Disse blebukser blev desv\u00e6rre alt for store.<\/span><\/span><\/p><p>\u00a0<\/p><p><span style=\"font-family: Times New Roman, serif;\"><span style=\"font-size: large;\">Men da jeg lavede dem anede jeg ingenting om hvad st\u00f8rrelse garn jeg skulle bruge, for at f\u00e5 den rigtige st\u00f8rrelse bukser til babyen.<\/span><\/span><\/p><p>\u00a0<\/p><p><span style=\"font-family: Times New Roman, serif;\"><span style=\"font-size: large;\">Jeg vidste ikke meget om opskrifter og det forskellige garn heller.<\/span><\/span><\/p><p><span style=\"font-family: Times New Roman, serif;\"><span style=\"font-size: large;\">S\u00e5 jeg fandt noget garn jeg synes om, og s\u00e5 h\u00e6klede jeg. Men det har jeg l\u00e6rt en frygtelig masse af.<\/span><\/span><\/p><p>\u00a0<\/p><p><span style=\"font-family: Times New Roman, serif;\"><span style=\"font-size: large;\">Jeg tror faktisk heller ikke, jeg ved s\u00e5 frygtelig meget om blebukser. Ikke andet end at den skal sidde uden p\u00e5 bleen.<\/span><\/span><\/p><p><span style=\"font-family: Times New Roman, serif;\"><span style=\"font-size: large;\">Hi hi&#8230;!! \ud83d\ude09<\/span><\/span><\/p>\t\t\t\t\t\t\t\t<\/div>\n\t\t\t\t<\/div>\n\t\t\t\t\t<\/div>\n\t\t<\/div>\n\t\t\t\t\t<\/div>\n\t\t<\/section>\n\t\t\t\t<\/div>\n\t\t","protected":false},"excerpt":{"rendered":"<p>Hvorfor bruge tid p\u00e5 at h\u00e6kle. . . &#8230; !!! Fordi at h\u00e6kling er sjovt, og fordi, at man slapper rigtig godt af i b\u00e5de hjerne og krop n\u00e5r man sidder og h\u00e6kler. \u00a0 Det er godt for psyken, motorikken og rigtig mange andre ting. \u00a0 Og har du lyst, til en god kop kaffe &hellip;<\/p>\n<p class=\"read-more\"> <a class=\"\" href=\"https:\/\/haeklebuus.dk\/index.php\/hvorfor-bruge-tid-paa-at-haekle\/\"> <span class=\"screen-reader-text\">Hvorfor bruge tid p\u00e5 at h\u00e6kle<\/span> L\u00e6s mere &raquo;<\/a><\/p>\n","protected":false},"author":1,"featured_media":0,"parent":0,"menu_order":0,"comment_status":"closed","ping_status":"closed","template":"","meta":{"site-sidebar-layout":"no-sidebar","site-content-layout":"page-builder","ast-global-header-display":"","ast-banner-title-visibility":"","ast-main-header-display":"","ast-hfb-above-header-display":"","ast-hfb-below-header-display":"","ast-hfb-mobile-header-display":"","site-post-title":"disabled","ast-breadcrumbs-content":"","ast-featured-img":"disabled","footer-sml-layout":"","theme-transparent-header-meta":"","adv-header-id-meta":"","stick-header-meta":"","header-above-stick-meta":"","header-main-stick-meta":"","header-below-stick-meta":"","footnotes":""},"class_list":["post-1636","page","type-page","status-publish","hentry"],"_links":{"self":[{"href":"https:\/\/haeklebuus.dk\/index.php\/wp-json\/wp\/v2\/pages\/1636","targetHints":{"allow":["GET"]}}],"collection":[{"href":"https:\/\/haeklebuus.dk\/index.php\/wp-json\/wp\/v2\/pages"}],"about":[{"href":"https:\/\/haeklebuus.dk\/index.php\/wp-json\/wp\/v2\/types\/page"}],"author":[{"embeddable":true,"href":"https:\/\/haeklebuus.dk\/index.php\/wp-json\/wp\/v2\/users\/1"}],"replies":[{"embeddable":true,"href":"https:\/\/haeklebuus.dk\/index.php\/wp-json\/wp\/v2\/comments?post=1636"}],"version-history":[{"count":29,"href":"https:\/\/haeklebuus.dk\/index.php\/wp-json\/wp\/v2\/pages\/1636\/revisions"}],"predecessor-version":[{"id":1762,"href":"https:\/\/haeklebuus.dk\/index.php\/wp-json\/wp\/v2\/pages\/1636\/revisions\/1762"}],"wp:attachment":[{"href":"https:\/\/haeklebuus.dk\/index.php\/wp-json\/wp\/v2\/media?parent=1636"}],"curies":[{"name":"wp","href":"https:\/\/api.w.org\/{rel}","templated":true}]}}