{"id":1510,"date":"2022-12-15T21:56:55","date_gmt":"2022-12-15T21:56:55","guid":{"rendered":"https:\/\/haeklebuus.dk\/?page_id=1510"},"modified":"2023-03-17T05:17:58","modified_gmt":"2023-03-17T05:17:58","slug":"elementor-1510","status":"publish","type":"page","link":"https:\/\/haeklebuus.dk\/index.php\/elementor-1510\/","title":{"rendered":"Elementor #1510"},"content":{"rendered":"\t\t<div data-elementor-type=\"wp-page\" data-elementor-id=\"1510\" class=\"elementor elementor-1510\">\n\t\t\t\t\t\t<section class=\"elementor-section elementor-top-section elementor-element elementor-element-7382d60 elementor-section-boxed elementor-section-height-default elementor-section-height-default\" data-id=\"7382d60\" data-element_type=\"section\">\n\t\t\t\t\t\t<div class=\"elementor-container elementor-column-gap-default\">\n\t\t\t\t\t<div class=\"elementor-column elementor-col-100 elementor-top-column elementor-element elementor-element-9277d69\" data-id=\"9277d69\" data-element_type=\"column\">\n\t\t\t<div class=\"elementor-widget-wrap elementor-element-populated\">\n\t\t\t\t\t\t<div class=\"elementor-element elementor-element-847043b elementor-widget elementor-widget-image\" data-id=\"847043b\" data-element_type=\"widget\" data-widget_type=\"image.default\">\n\t\t\t\t<div class=\"elementor-widget-container\">\n\t\t\t\t\t\t\t\t\t\t\t\t\t\t\t<img decoding=\"async\" src=\"https:\/\/haeklebuus.dk\/wp-content\/uploads\/elementor\/thumbs\/hvidt-trae-pz58vg7vlpssk57omfbr7xte6dnb9utx6duxwppneg.jpg\" title=\"hvidt tr\u00e6\" alt=\"hvidt tr\u00e6\" loading=\"lazy\" \/>\t\t\t\t\t\t\t\t\t\t\t\t\t\t\t<\/div>\n\t\t\t\t<\/div>\n\t\t\t\t\t<\/div>\n\t\t<\/div>\n\t\t\t\t\t<\/div>\n\t\t<\/section>\n\t\t\t\t<section class=\"elementor-section elementor-top-section elementor-element elementor-element-050e3c5 elementor-section-boxed elementor-section-height-default elementor-section-height-default\" data-id=\"050e3c5\" data-element_type=\"section\">\n\t\t\t\t\t\t<div class=\"elementor-container elementor-column-gap-default\">\n\t\t\t\t\t<div class=\"elementor-column elementor-col-100 elementor-top-column elementor-element elementor-element-fc7d471\" data-id=\"fc7d471\" data-element_type=\"column\">\n\t\t\t<div class=\"elementor-widget-wrap elementor-element-populated\">\n\t\t\t\t\t\t<div class=\"elementor-element elementor-element-c8ef15b elementor-widget elementor-widget-heading\" data-id=\"c8ef15b\" data-element_type=\"widget\" data-widget_type=\"heading.default\">\n\t\t\t\t<div class=\"elementor-widget-container\">\n\t\t\t\t\t<h2 class=\"elementor-heading-title elementor-size-xxl\">H\u00e6klebuus<\/h2>\t\t\t\t<\/div>\n\t\t\t\t<\/div>\n\t\t\t\t\t<\/div>\n\t\t<\/div>\n\t\t\t\t\t<\/div>\n\t\t<\/section>\n\t\t\t\t<section class=\"elementor-section elementor-top-section elementor-element elementor-element-717b607 elementor-section-boxed elementor-section-height-default elementor-section-height-default\" data-id=\"717b607\" data-element_type=\"section\">\n\t\t\t\t\t\t<div class=\"elementor-container elementor-column-gap-default\">\n\t\t\t\t\t<div class=\"elementor-column elementor-col-50 elementor-top-column elementor-element elementor-element-c49f2af\" data-id=\"c49f2af\" data-element_type=\"column\">\n\t\t\t<div class=\"elementor-widget-wrap elementor-element-populated\">\n\t\t\t\t\t\t<section class=\"elementor-section elementor-inner-section elementor-element elementor-element-db4b820 elementor-section-boxed elementor-section-height-default elementor-section-height-default\" data-id=\"db4b820\" data-element_type=\"section\">\n\t\t\t\t\t\t<div class=\"elementor-container elementor-column-gap-default\">\n\t\t\t\t\t<div class=\"elementor-column elementor-col-50 elementor-inner-column elementor-element elementor-element-6a4b641\" data-id=\"6a4b641\" data-element_type=\"column\">\n\t\t\t<div class=\"elementor-widget-wrap elementor-element-populated\">\n\t\t\t\t\t\t<div class=\"elementor-element elementor-element-75bdc42 elementor-widget elementor-widget-image\" data-id=\"75bdc42\" data-element_type=\"widget\" data-widget_type=\"image.default\">\n\t\t\t\t<div class=\"elementor-widget-container\">\n\t\t\t\t\t\t\t\t\t\t\t\t<figure class=\"wp-caption\">\n\t\t\t\t\t\t\t\t\t\t<img fetchpriority=\"high\" decoding=\"async\" width=\"1024\" height=\"768\" src=\"https:\/\/haeklebuus.dk\/wp-content\/uploads\/2022\/12\/IMG_20220623_140050-1024x768.jpg\" class=\"attachment-large size-large wp-image-1407\" alt=\"\" srcset=\"https:\/\/haeklebuus.dk\/wp-content\/uploads\/2022\/12\/IMG_20220623_140050-1024x768.jpg 1024w, https:\/\/haeklebuus.dk\/wp-content\/uploads\/2022\/12\/IMG_20220623_140050-300x225.jpg 300w, https:\/\/haeklebuus.dk\/wp-content\/uploads\/2022\/12\/IMG_20220623_140050-768x576.jpg 768w, https:\/\/haeklebuus.dk\/wp-content\/uploads\/2022\/12\/IMG_20220623_140050.jpg 1163w\" sizes=\"(max-width: 1024px) 100vw, 1024px\" \/>\t\t\t\t\t\t\t\t\t\t\t<figcaption class=\"widget-image-caption wp-caption-text\">B\u00f8rnevest 2 \u00e5r<\/figcaption>\n\t\t\t\t\t\t\t\t\t\t<\/figure>\n\t\t\t\t\t\t\t\t\t<\/div>\n\t\t\t\t<\/div>\n\t\t\t\t\t<\/div>\n\t\t<\/div>\n\t\t\t\t<div class=\"elementor-column elementor-col-50 elementor-inner-column elementor-element elementor-element-f315351\" data-id=\"f315351\" data-element_type=\"column\">\n\t\t\t<div class=\"elementor-widget-wrap elementor-element-populated\">\n\t\t\t\t\t\t<div class=\"elementor-element elementor-element-2f37571 elementor-widget elementor-widget-image\" data-id=\"2f37571\" data-element_type=\"widget\" data-widget_type=\"image.default\">\n\t\t\t\t<div class=\"elementor-widget-container\">\n\t\t\t\t\t\t\t\t\t\t\t\t\t\t\t<img decoding=\"async\" width=\"654\" height=\"872\" src=\"https:\/\/haeklebuus.dk\/wp-content\/uploads\/2022\/12\/IMG_20220623_140050-1.jpg\" class=\"attachment-large size-large wp-image-1406\" alt=\"\" srcset=\"https:\/\/haeklebuus.dk\/wp-content\/uploads\/2022\/12\/IMG_20220623_140050-1.jpg 654w, https:\/\/haeklebuus.dk\/wp-content\/uploads\/2022\/12\/IMG_20220623_140050-1-225x300.jpg 225w\" sizes=\"(max-width: 654px) 100vw, 654px\" \/>\t\t\t\t\t\t\t\t\t\t\t\t\t\t\t<\/div>\n\t\t\t\t<\/div>\n\t\t\t\t\t<\/div>\n\t\t<\/div>\n\t\t\t\t\t<\/div>\n\t\t<\/section>\n\t\t\t\t\t<\/div>\n\t\t<\/div>\n\t\t\t\t<div class=\"elementor-column elementor-col-50 elementor-top-column elementor-element elementor-element-028dd2c\" data-id=\"028dd2c\" data-element_type=\"column\">\n\t\t\t<div class=\"elementor-widget-wrap elementor-element-populated\">\n\t\t\t\t\t\t<section class=\"elementor-section elementor-inner-section elementor-element elementor-element-96e0c6d elementor-section-boxed elementor-section-height-default elementor-section-height-default\" data-id=\"96e0c6d\" data-element_type=\"section\">\n\t\t\t\t\t\t<div class=\"elementor-container elementor-column-gap-default\">\n\t\t\t\t\t<div class=\"elementor-column elementor-col-50 elementor-inner-column elementor-element elementor-element-25f8326\" data-id=\"25f8326\" data-element_type=\"column\">\n\t\t\t<div class=\"elementor-widget-wrap elementor-element-populated\">\n\t\t\t\t\t\t<div class=\"elementor-element elementor-element-b2cdfb3 elementor-widget elementor-widget-image\" data-id=\"b2cdfb3\" data-element_type=\"widget\" data-widget_type=\"image.default\">\n\t\t\t\t<div class=\"elementor-widget-container\">\n\t\t\t\t\t\t\t\t\t\t\t\t\t\t\t<img decoding=\"async\" width=\"1024\" height=\"768\" src=\"https:\/\/haeklebuus.dk\/wp-content\/uploads\/2022\/12\/IMG_20220623_140102-1024x768.jpg\" class=\"attachment-large size-large wp-image-1408\" alt=\"\" srcset=\"https:\/\/haeklebuus.dk\/wp-content\/uploads\/2022\/12\/IMG_20220623_140102-1024x768.jpg 1024w, https:\/\/haeklebuus.dk\/wp-content\/uploads\/2022\/12\/IMG_20220623_140102-300x225.jpg 300w, https:\/\/haeklebuus.dk\/wp-content\/uploads\/2022\/12\/IMG_20220623_140102-768x576.jpg 768w, https:\/\/haeklebuus.dk\/wp-content\/uploads\/2022\/12\/IMG_20220623_140102.jpg 1163w\" sizes=\"(max-width: 1024px) 100vw, 1024px\" \/>\t\t\t\t\t\t\t\t\t\t\t\t\t\t\t<\/div>\n\t\t\t\t<\/div>\n\t\t\t\t\t<\/div>\n\t\t<\/div>\n\t\t\t\t<div class=\"elementor-column elementor-col-50 elementor-inner-column elementor-element elementor-element-a43c58b\" data-id=\"a43c58b\" data-element_type=\"column\">\n\t\t\t<div class=\"elementor-widget-wrap elementor-element-populated\">\n\t\t\t\t\t\t<div class=\"elementor-element elementor-element-5d417af elementor-widget elementor-widget-image\" data-id=\"5d417af\" data-element_type=\"widget\" data-widget_type=\"image.default\">\n\t\t\t\t<div class=\"elementor-widget-container\">\n\t\t\t\t\t\t\t\t\t\t\t\t<figure class=\"wp-caption\">\n\t\t\t\t\t\t\t\t\t\t<img loading=\"lazy\" decoding=\"async\" width=\"654\" height=\"872\" src=\"https:\/\/haeklebuus.dk\/wp-content\/uploads\/2022\/12\/20221022_191304.jpg\" class=\"attachment-large size-large wp-image-1358\" alt=\"\" srcset=\"https:\/\/haeklebuus.dk\/wp-content\/uploads\/2022\/12\/20221022_191304.jpg 654w, https:\/\/haeklebuus.dk\/wp-content\/uploads\/2022\/12\/20221022_191304-225x300.jpg 225w\" sizes=\"(max-width: 654px) 100vw, 654px\" \/>\t\t\t\t\t\t\t\t\t\t\t<figcaption class=\"widget-image-caption wp-caption-text\">B\u00f8rnevest 3-4 \u00e5r<\/figcaption>\n\t\t\t\t\t\t\t\t\t\t<\/figure>\n\t\t\t\t\t\t\t\t\t<\/div>\n\t\t\t\t<\/div>\n\t\t\t\t\t<\/div>\n\t\t<\/div>\n\t\t\t\t\t<\/div>\n\t\t<\/section>\n\t\t\t\t\t<\/div>\n\t\t<\/div>\n\t\t\t\t\t<\/div>\n\t\t<\/section>\n\t\t\t\t<section class=\"elementor-section elementor-top-section elementor-element elementor-element-969f2d4 elementor-section-boxed elementor-section-height-default elementor-section-height-default\" data-id=\"969f2d4\" data-element_type=\"section\">\n\t\t\t\t\t\t<div class=\"elementor-container elementor-column-gap-default\">\n\t\t\t\t\t<div class=\"elementor-column elementor-col-100 elementor-top-column elementor-element elementor-element-da5e527\" data-id=\"da5e527\" data-element_type=\"column\">\n\t\t\t<div class=\"elementor-widget-wrap elementor-element-populated\">\n\t\t\t\t\t\t<div class=\"elementor-element elementor-element-b4489bd elementor-widget elementor-widget-text-editor\" data-id=\"b4489bd\" data-element_type=\"widget\" data-widget_type=\"text-editor.default\">\n\t\t\t\t<div class=\"elementor-widget-container\">\n\t\t\t\t\t\t\t\t\t<p><em>Det at h\u00e6kle disse 2 veste er noget af de fedeste opgaver jeg har lavet.<\/em><\/p><p>\u00a0<\/p><p><em>N\u00e5r vestene er s\u00e5 sm\u00e5, som til et 2 \u00e5r\u2019s og et 3 \u00e5rigt barn. s\u00e5 bliver det pludselig meget mere overkommeligt at h\u00e6kle det jeg har sat mig for. For s\u00e5 kan jeg se en ende p\u00e5 det ogs\u00e5. og s\u00e5 g\u00e5r det meget hurtigere synes jeg. Mit ene sjal startede jeg p\u00e5 for 2 \u00e5r siden her til december. 2020 startede jeg ved juletid. Men garnet er s\u00e5 tyndt, s\u00e5 jeg d\u00e5rligt orker at g\u00f8re sjalet f\u00e6rdigt p\u00e5 en gang. Jeg har h\u00e6klet mange andre ting ind i mellem.<\/em><\/p><p>\u00a0<\/p><p><em>Det at have et uf\u00e6rdigt stykke h\u00e6klet\u00f8j, det kalder vi i h\u00e6kleverdenen for en UFO (u f\u00e6rdigt objeckt)<\/em><\/p>\t\t\t\t\t\t\t\t<\/div>\n\t\t\t\t<\/div>\n\t\t\t\t\t<\/div>\n\t\t<\/div>\n\t\t\t\t\t<\/div>\n\t\t<\/section>\n\t\t\t\t<section class=\"elementor-section elementor-top-section elementor-element elementor-element-2a20c49 elementor-section-boxed elementor-section-height-default elementor-section-height-default\" data-id=\"2a20c49\" data-element_type=\"section\">\n\t\t\t\t\t\t<div class=\"elementor-container elementor-column-gap-default\">\n\t\t\t\t\t<div class=\"elementor-column elementor-col-50 elementor-top-column elementor-element elementor-element-1aea55c\" data-id=\"1aea55c\" data-element_type=\"column\">\n\t\t\t<div class=\"elementor-widget-wrap elementor-element-populated\">\n\t\t\t\t\t\t<div class=\"elementor-element elementor-element-a6105fe elementor-widget elementor-widget-text-editor\" data-id=\"a6105fe\" data-element_type=\"widget\" data-widget_type=\"text-editor.default\">\n\t\t\t\t<div class=\"elementor-widget-container\">\n\t\t\t\t\t\t\t\t\t<p>Den hue der er p\u00e5 billederne her til h\u00f8jre<\/p><p>Den h\u00e6klede jeg p\u00e5 under en dag, den er h\u00e6klet i halvstangmasker.<\/p><p>\u00a0<\/p><p>Opskrifterne til det jeg h\u00e6kler, har jeg desv\u00e6rre ikke lov til at dele p\u00e5 min hjemmeside. Men jeg vil p\u00e5 et senere tidspunkts\u00e6tte link ind til de opskrifter der skal k\u00f8bes, men ogs\u00e5 dem du kan dovnloade gratis.<\/p>\t\t\t\t\t\t\t\t<\/div>\n\t\t\t\t<\/div>\n\t\t\t\t\t<\/div>\n\t\t<\/div>\n\t\t\t\t<div class=\"elementor-column elementor-col-50 elementor-top-column elementor-element elementor-element-c240a0e\" data-id=\"c240a0e\" data-element_type=\"column\">\n\t\t\t<div class=\"elementor-widget-wrap elementor-element-populated\">\n\t\t\t\t\t\t<section class=\"elementor-section elementor-inner-section elementor-element elementor-element-e371bd1 elementor-section-boxed elementor-section-height-default elementor-section-height-default\" data-id=\"e371bd1\" data-element_type=\"section\">\n\t\t\t\t\t\t<div class=\"elementor-container elementor-column-gap-default\">\n\t\t\t\t\t<div class=\"elementor-column elementor-col-50 elementor-inner-column elementor-element elementor-element-0cbf055\" data-id=\"0cbf055\" data-element_type=\"column\">\n\t\t\t<div class=\"elementor-widget-wrap elementor-element-populated\">\n\t\t\t\t\t\t<div class=\"elementor-element elementor-element-b902c8e elementor-widget elementor-widget-image\" data-id=\"b902c8e\" data-element_type=\"widget\" data-widget_type=\"image.default\">\n\t\t\t\t<div class=\"elementor-widget-container\">\n\t\t\t\t\t\t\t\t\t\t\t\t<figure class=\"wp-caption\">\n\t\t\t\t\t\t\t\t\t\t<img loading=\"lazy\" decoding=\"async\" width=\"300\" height=\"271\" src=\"https:\/\/haeklebuus.dk\/wp-content\/uploads\/2022\/12\/Reflexhue-300x271.jpg\" class=\"attachment-medium size-medium wp-image-1411\" alt=\"\" srcset=\"https:\/\/haeklebuus.dk\/wp-content\/uploads\/2022\/12\/Reflexhue-300x271.jpg 300w, https:\/\/haeklebuus.dk\/wp-content\/uploads\/2022\/12\/Reflexhue-768x693.jpg 768w, https:\/\/haeklebuus.dk\/wp-content\/uploads\/2022\/12\/Reflexhue.jpg 966w\" sizes=\"(max-width: 300px) 100vw, 300px\" \/>\t\t\t\t\t\t\t\t\t\t\t<figcaption class=\"widget-image-caption wp-caption-text\">Refleks hue<\/figcaption>\n\t\t\t\t\t\t\t\t\t\t<\/figure>\n\t\t\t\t\t\t\t\t\t<\/div>\n\t\t\t\t<\/div>\n\t\t\t\t\t<\/div>\n\t\t<\/div>\n\t\t\t\t<div class=\"elementor-column elementor-col-50 elementor-inner-column elementor-element elementor-element-0ab5326\" data-id=\"0ab5326\" data-element_type=\"column\">\n\t\t\t<div class=\"elementor-widget-wrap elementor-element-populated\">\n\t\t\t\t\t\t<div class=\"elementor-element elementor-element-c141fd8 elementor-widget elementor-widget-image\" data-id=\"c141fd8\" data-element_type=\"widget\" data-widget_type=\"image.default\">\n\t\t\t\t<div class=\"elementor-widget-container\">\n\t\t\t\t\t\t\t\t\t\t\t\t<figure class=\"wp-caption\">\n\t\t\t\t\t\t\t\t\t\t<img loading=\"lazy\" decoding=\"async\" width=\"300\" height=\"288\" src=\"https:\/\/haeklebuus.dk\/wp-content\/uploads\/2022\/12\/reflexhue-m-lys-i-300x288.jpg\" class=\"attachment-medium size-medium wp-image-1410\" alt=\"\" srcset=\"https:\/\/haeklebuus.dk\/wp-content\/uploads\/2022\/12\/reflexhue-m-lys-i-300x288.jpg 300w, https:\/\/haeklebuus.dk\/wp-content\/uploads\/2022\/12\/reflexhue-m-lys-i-768x738.jpg 768w, https:\/\/haeklebuus.dk\/wp-content\/uploads\/2022\/12\/reflexhue-m-lys-i.jpg 907w\" sizes=\"(max-width: 300px) 100vw, 300px\" \/>\t\t\t\t\t\t\t\t\t\t\t<figcaption class=\"widget-image-caption wp-caption-text\">Refleks hue, hvor refleksen virker.<\/figcaption>\n\t\t\t\t\t\t\t\t\t\t<\/figure>\n\t\t\t\t\t\t\t\t\t<\/div>\n\t\t\t\t<\/div>\n\t\t\t\t\t<\/div>\n\t\t<\/div>\n\t\t\t\t\t<\/div>\n\t\t<\/section>\n\t\t\t\t\t<\/div>\n\t\t<\/div>\n\t\t\t\t\t<\/div>\n\t\t<\/section>\n\t\t\t\t<\/div>\n\t\t","protected":false},"excerpt":{"rendered":"<p>H\u00e6klebuus B\u00f8rnevest 2 \u00e5r B\u00f8rnevest 3-4 \u00e5r Det at h\u00e6kle disse 2 veste er noget af de fedeste opgaver jeg har lavet. \u00a0 N\u00e5r vestene er s\u00e5 sm\u00e5, som til et 2 \u00e5r\u2019s og et 3 \u00e5rigt barn. s\u00e5 bliver det pludselig meget mere overkommeligt at h\u00e6kle det jeg har sat mig for. For s\u00e5 &hellip;<\/p>\n<p class=\"read-more\"> <a class=\"\" href=\"https:\/\/haeklebuus.dk\/index.php\/elementor-1510\/\"> <span class=\"screen-reader-text\">Elementor #1510<\/span> L\u00e6s mere &raquo;<\/a><\/p>\n","protected":false},"author":1,"featured_media":0,"parent":0,"menu_order":0,"comment_status":"closed","ping_status":"closed","template":"","meta":{"site-sidebar-layout":"no-sidebar","site-content-layout":"page-builder","ast-global-header-display":"","ast-banner-title-visibility":"","ast-main-header-display":"","ast-hfb-above-header-display":"","ast-hfb-below-header-display":"","ast-hfb-mobile-header-display":"","site-post-title":"disabled","ast-breadcrumbs-content":"","ast-featured-img":"disabled","footer-sml-layout":"","theme-transparent-header-meta":"","adv-header-id-meta":"","stick-header-meta":"","header-above-stick-meta":"","header-main-stick-meta":"","header-below-stick-meta":"","footnotes":""},"class_list":["post-1510","page","type-page","status-publish","hentry"],"_links":{"self":[{"href":"https:\/\/haeklebuus.dk\/index.php\/wp-json\/wp\/v2\/pages\/1510","targetHints":{"allow":["GET"]}}],"collection":[{"href":"https:\/\/haeklebuus.dk\/index.php\/wp-json\/wp\/v2\/pages"}],"about":[{"href":"https:\/\/haeklebuus.dk\/index.php\/wp-json\/wp\/v2\/types\/page"}],"author":[{"embeddable":true,"href":"https:\/\/haeklebuus.dk\/index.php\/wp-json\/wp\/v2\/users\/1"}],"replies":[{"embeddable":true,"href":"https:\/\/haeklebuus.dk\/index.php\/wp-json\/wp\/v2\/comments?post=1510"}],"version-history":[{"count":16,"href":"https:\/\/haeklebuus.dk\/index.php\/wp-json\/wp\/v2\/pages\/1510\/revisions"}],"predecessor-version":[{"id":1738,"href":"https:\/\/haeklebuus.dk\/index.php\/wp-json\/wp\/v2\/pages\/1510\/revisions\/1738"}],"wp:attachment":[{"href":"https:\/\/haeklebuus.dk\/index.php\/wp-json\/wp\/v2\/media?parent=1510"}],"curies":[{"name":"wp","href":"https:\/\/api.w.org\/{rel}","templated":true}]}}