{"id":14,"date":"2021-11-21T15:14:19","date_gmt":"2021-11-21T15:14:19","guid":{"rendered":"https:\/\/haeklebuus.dk\/index.php\/about\/"},"modified":"2023-03-17T06:23:35","modified_gmt":"2023-03-17T06:23:35","slug":"about","status":"publish","type":"page","link":"https:\/\/haeklebuus.dk\/index.php\/about\/","title":{"rendered":"Om mig"},"content":{"rendered":"\t\t<div data-elementor-type=\"wp-page\" data-elementor-id=\"14\" class=\"elementor elementor-14\">\n\t\t\t\t\t\t<section class=\"elementor-section elementor-top-section elementor-element elementor-element-c8ddeb6 elementor-section-height-min-height elementor-section-boxed elementor-section-height-default elementor-section-items-middle\" data-id=\"c8ddeb6\" data-element_type=\"section\" data-settings=\"{&quot;background_background&quot;:&quot;classic&quot;}\">\n\t\t\t\t\t\t\t<div class=\"elementor-background-overlay\"><\/div>\n\t\t\t\t\t\t\t<div class=\"elementor-container elementor-column-gap-default\">\n\t\t\t\t\t<div class=\"elementor-column elementor-col-100 elementor-top-column elementor-element elementor-element-6a5337e\" data-id=\"6a5337e\" data-element_type=\"column\">\n\t\t\t<div class=\"elementor-widget-wrap elementor-element-populated\">\n\t\t\t\t\t\t<div class=\"elementor-element elementor-element-feefb6c elementor-widget elementor-widget-heading\" data-id=\"feefb6c\" data-element_type=\"widget\" data-widget_type=\"heading.default\">\n\t\t\t\t<div class=\"elementor-widget-container\">\n\t\t\t\t\t<h1 class=\"elementor-heading-title elementor-size-default\">Lidt om mig.......<\/h1>\t\t\t\t<\/div>\n\t\t\t\t<\/div>\n\t\t\t\t\t<\/div>\n\t\t<\/div>\n\t\t\t\t\t<\/div>\n\t\t<\/section>\n\t\t\t\t<section class=\"elementor-section elementor-top-section elementor-element elementor-element-034f786 elementor-section-boxed elementor-section-height-default elementor-section-height-default\" data-id=\"034f786\" data-element_type=\"section\">\n\t\t\t\t\t\t<div class=\"elementor-container elementor-column-gap-default\">\n\t\t\t\t\t<div class=\"elementor-column elementor-col-100 elementor-top-column elementor-element elementor-element-ba0c118\" data-id=\"ba0c118\" data-element_type=\"column\">\n\t\t\t<div class=\"elementor-widget-wrap\">\n\t\t\t\t\t\t\t<\/div>\n\t\t<\/div>\n\t\t\t\t\t<\/div>\n\t\t<\/section>\n\t\t\t\t<section class=\"elementor-section elementor-top-section elementor-element elementor-element-e889fc3 elementor-section-boxed elementor-section-height-default elementor-section-height-default\" data-id=\"e889fc3\" data-element_type=\"section\" data-settings=\"{&quot;background_background&quot;:&quot;classic&quot;}\">\n\t\t\t\t\t\t<div class=\"elementor-container elementor-column-gap-default\">\n\t\t\t\t\t<div class=\"elementor-column elementor-col-33 elementor-top-column elementor-element elementor-element-3c8f4a8\" data-id=\"3c8f4a8\" data-element_type=\"column\">\n\t\t\t<div class=\"elementor-widget-wrap\">\n\t\t\t\t\t\t\t<\/div>\n\t\t<\/div>\n\t\t\t\t<div class=\"elementor-column elementor-col-33 elementor-top-column elementor-element elementor-element-ebb2ba7\" data-id=\"ebb2ba7\" data-element_type=\"column\">\n\t\t\t<div class=\"elementor-widget-wrap elementor-element-populated\">\n\t\t\t\t\t\t<div class=\"elementor-element elementor-element-364ad58 elementor-widget elementor-widget-heading\" data-id=\"364ad58\" data-element_type=\"widget\" data-widget_type=\"heading.default\">\n\t\t\t\t<div class=\"elementor-widget-container\">\n\t\t\t\t\t<h2 class=\"elementor-heading-title elementor-size-xxl\"><i>At h\u00e6kle er at leve......<\/i><\/h2>\t\t\t\t<\/div>\n\t\t\t\t<\/div>\n\t\t\t\t<div class=\"elementor-element elementor-element-5a10538 elementor-widget elementor-widget-heading\" data-id=\"5a10538\" data-element_type=\"widget\" data-widget_type=\"heading.default\">\n\t\t\t\t<div class=\"elementor-widget-container\">\n\t\t\t\t\t<h2 class=\"elementor-heading-title elementor-size-default\">Her st\u00e5r s\u00e5 lidt om mig.....<\/h2>\t\t\t\t<\/div>\n\t\t\t\t<\/div>\n\t\t\t\t<div class=\"elementor-element elementor-element-62d45c5 elementor-widget elementor-widget-text-editor\" data-id=\"62d45c5\" data-element_type=\"widget\" data-widget_type=\"text-editor.default\">\n\t\t\t\t<div class=\"elementor-widget-container\">\n\t\t\t\t\t\t\t\t\t<p>Jeg hedder Lizzi, er Bornholmer, men kan desv\u00e6rre ikke det bornholmske sprog, s\u00e6rlig godt.<\/p><p>\u00a0<\/p><p>Jeg er f\u00f8dt i 1967 p\u00e5 \u00c5kirkeby sygehus, som ikke findes mere.<\/p><p>\u00a0<\/p><p>Jeg har g\u00e5et i skole som alle andre, og har l\u00e6rt i massevis af forskellige ting, b\u00e5de de gode og de d\u00e5rlige. Jeg ved en masse om livet, faktisk ved jeg rigtig meget. Men der er ogs\u00e5 i massevis af ting jeg overhovedet ingenting ved noget om. Men det jeg ikke ved noget om, vil jeg da gerne l\u00e6re, hvis det er n\u00f8dvendigt for mig. S\u00e5dan skal det nemlig helst v\u00e6re, synes jeg.<\/p><p>\u00a0<\/p><p>Jeg har i meget kort tid v\u00e6ret Taxi chauff\u00f8r, men det var bestemt ikke mig, nej\u2026<\/p><p>\u00a0<\/p><p>Jeg er uddannet NADA behandler.<\/p><p>\u00a0<\/p><p>Jeg er uddannet TRAV tr\u00e6ner, og m\u00e5 selv medicinere hestene.<\/p><p>\u00a0<\/p><p>Jeg har arbejdet med biler<\/p><p>\u00a0<\/p><p>Jeg har arbejdet med mennesker i ca 23 \u00e5r i min tid p\u00e5 V\u00e6restedet Bl\u00e6ksprutten, hvor jeg lavede alt fra at l\u00e6gge fliser, bage br\u00f8d, kontorarbejde og mange, mange andre ting. Faktisk ALT hvad der var at lave, kunne jeg finde p\u00e5 at g\u00e5 i gang med. Selv flyttehj\u00e6lp m.m.og andre virkelig pragtfulde opgaver, har jeg lavet p\u00e5 Bl\u00e6ksprutten.<\/p><p>\u00a0<\/p><p>S\u00e5 har jeg v\u00e6ret i en genbrugsbutik.<\/p><p>\u00a0<\/p><p>Jeg er meget glad for min store familie.<\/p><p>\u00a0<\/p><p>Og selvf\u00f8lgelig er jeg totalt vild med at h\u00e6kle, som er noget af de ting jeg holder aller mest af.<\/p><p>\u00a0<\/p><p>Jeg er vild med naturen, og det at g\u00e5, som noget af det som jeg stadigv\u00e6k kan. Jeg kan desv\u00e6rre ikke l\u00f8be mere, (rigtig \u00e6rgerligt). Men jeg har v\u00e6ret sportstosset i mit liv, det var fedt. Og det savner jeg virkelig.<\/p><p>\u00a0<\/p><p>Jeg er f\u00f8rtidspensionist.<\/p><p>\u00a0<\/p><p>Jeg er et Jehovas Vidne, som giver mit liv virkelig meget.<\/p><p>\u00a0<\/p><p>Forresten har jeg ikke nogen b\u00f8rn, men det har alle mine s\u00f8skende. Og b\u00e5de de nev\u00f8er og niecer jeg har er jeg bare S\u00c5 glade for alle sammen. Ogs\u00e5 deres b\u00f8rn er jeg rigtig glad for.<\/p><p>\u00a0<\/p><p>Og resten tror jeg ikke er v\u00e6rd at skrive om.<\/p><p>\u00a0<\/p><p>Det blev s\u00e5 alligevel til ret meget om mig, men det er bestemt ikke alt. Men hvad jeg s\u00e5dan lige kunne komme i tanke om.<\/p><p>\u00a0<\/p>\t\t\t\t\t\t\t\t<\/div>\n\t\t\t\t<\/div>\n\t\t\t\t<div class=\"elementor-element elementor-element-9fdb291 elementor-widget elementor-widget-image\" data-id=\"9fdb291\" data-element_type=\"widget\" data-widget_type=\"image.default\">\n\t\t\t\t<div class=\"elementor-widget-container\">\n\t\t\t\t\t\t\t\t\t\t\t\t\t\t\t<img decoding=\"async\" width=\"165\" height=\"231\" src=\"https:\/\/haeklebuus.dk\/wp-content\/uploads\/2023\/03\/Lizzi-guldbrylluppet._edited.jpg\" class=\"attachment-full size-full wp-image-1723\" alt=\"\" \/>\t\t\t\t\t\t\t\t\t\t\t\t\t\t\t<\/div>\n\t\t\t\t<\/div>\n\t\t\t\t<div class=\"elementor-element elementor-element-4006ddb elementor-widget elementor-widget-text-editor\" data-id=\"4006ddb\" data-element_type=\"widget\" data-widget_type=\"text-editor.default\">\n\t\t\t\t<div class=\"elementor-widget-container\">\n\t\t\t\t\t\t\t\t\t<p style=\"text-align: center;\"><span style=\"color: #ff0000;\">Yeps, her er jeg s\u00e5.. jeg er altid god for lidt af en grimasse&#8230;&#8230;\u00a0 \u00a0\ud83d\ude09<\/span><\/p>\t\t\t\t\t\t\t\t<\/div>\n\t\t\t\t<\/div>\n\t\t\t\t\t<\/div>\n\t\t<\/div>\n\t\t\t\t<div class=\"elementor-column elementor-col-33 elementor-top-column elementor-element elementor-element-9e16007\" data-id=\"9e16007\" data-element_type=\"column\">\n\t\t\t<div class=\"elementor-widget-wrap elementor-element-populated\">\n\t\t\t\t\t\t\t<\/div>\n\t\t<\/div>\n\t\t\t\t\t<\/div>\n\t\t<\/section>\n\t\t\t\t<\/div>\n\t\t","protected":false},"excerpt":{"rendered":"<p>Lidt om mig&#8230;&#8230;. At h\u00e6kle er at leve&#8230;&#8230; Her st\u00e5r s\u00e5 lidt om mig&#8230;.. Jeg hedder Lizzi, er Bornholmer, men kan desv\u00e6rre ikke det bornholmske sprog, s\u00e6rlig godt. \u00a0 Jeg er f\u00f8dt i 1967 p\u00e5 \u00c5kirkeby sygehus, som ikke findes mere. \u00a0 Jeg har g\u00e5et i skole som alle andre, og har l\u00e6rt i massevis &hellip;<\/p>\n<p class=\"read-more\"> <a class=\"\" href=\"https:\/\/haeklebuus.dk\/index.php\/about\/\"> <span class=\"screen-reader-text\">Om mig<\/span> L\u00e6s mere &raquo;<\/a><\/p>\n","protected":false},"author":1,"featured_media":0,"parent":0,"menu_order":0,"comment_status":"closed","ping_status":"closed","template":"","meta":{"site-sidebar-layout":"no-sidebar","site-content-layout":"page-builder","ast-global-header-display":"","ast-banner-title-visibility":"","ast-main-header-display":"","ast-hfb-above-header-display":"","ast-hfb-below-header-display":"","ast-hfb-mobile-header-display":"","site-post-title":"disabled","ast-breadcrumbs-content":"","ast-featured-img":"disabled","footer-sml-layout":"","theme-transparent-header-meta":"enabled","adv-header-id-meta":"","stick-header-meta":"","header-above-stick-meta":"","header-main-stick-meta":"","header-below-stick-meta":"","footnotes":""},"class_list":["post-14","page","type-page","status-publish","hentry"],"_links":{"self":[{"href":"https:\/\/haeklebuus.dk\/index.php\/wp-json\/wp\/v2\/pages\/14","targetHints":{"allow":["GET"]}}],"collection":[{"href":"https:\/\/haeklebuus.dk\/index.php\/wp-json\/wp\/v2\/pages"}],"about":[{"href":"https:\/\/haeklebuus.dk\/index.php\/wp-json\/wp\/v2\/types\/page"}],"author":[{"embeddable":true,"href":"https:\/\/haeklebuus.dk\/index.php\/wp-json\/wp\/v2\/users\/1"}],"replies":[{"embeddable":true,"href":"https:\/\/haeklebuus.dk\/index.php\/wp-json\/wp\/v2\/comments?post=14"}],"version-history":[{"count":53,"href":"https:\/\/haeklebuus.dk\/index.php\/wp-json\/wp\/v2\/pages\/14\/revisions"}],"predecessor-version":[{"id":1792,"href":"https:\/\/haeklebuus.dk\/index.php\/wp-json\/wp\/v2\/pages\/14\/revisions\/1792"}],"wp:attachment":[{"href":"https:\/\/haeklebuus.dk\/index.php\/wp-json\/wp\/v2\/media?parent=14"}],"curies":[{"name":"wp","href":"https:\/\/api.w.org\/{rel}","templated":true}]}}