{"id":1318,"date":"2021-11-21T15:12:46","date_gmt":"2021-11-21T15:12:46","guid":{"rendered":"https:\/\/haeklebuus.dk\/index.php\/home\/"},"modified":"2023-03-17T08:20:29","modified_gmt":"2023-03-17T08:20:29","slug":"home","status":"publish","type":"page","link":"https:\/\/haeklebuus.dk\/","title":{"rendered":"Forside"},"content":{"rendered":"\t\t<div data-elementor-type=\"wp-page\" data-elementor-id=\"1318\" class=\"elementor elementor-1318\">\n\t\t\t\t\t\t<section class=\"elementor-section elementor-top-section elementor-element elementor-element-a4a8ff2 elementor-section-boxed elementor-section-height-default elementor-section-height-default\" data-id=\"a4a8ff2\" data-element_type=\"section\">\n\t\t\t\t\t\t<div class=\"elementor-container elementor-column-gap-default\">\n\t\t\t\t\t<div class=\"elementor-column elementor-col-100 elementor-top-column elementor-element elementor-element-1472297\" data-id=\"1472297\" data-element_type=\"column\">\n\t\t\t<div class=\"elementor-widget-wrap elementor-element-populated\">\n\t\t\t\t\t\t<div class=\"elementor-element elementor-element-23b7e76 elementor-widget elementor-widget-image\" data-id=\"23b7e76\" data-element_type=\"widget\" data-widget_type=\"image.default\">\n\t\t\t\t<div class=\"elementor-widget-container\">\n\t\t\t\t\t\t\t\t\t\t\t\t\t\t\t<img decoding=\"async\" src=\"https:\/\/haeklebuus.dk\/wp-content\/uploads\/elementor\/thumbs\/hvidt-trae-pz58vg7vlpssk57omfbr7xte6dnb9utx6duxwppneg.jpg\" title=\"hvidt tr\u00e6\" alt=\"hvidt tr\u00e6\" loading=\"lazy\" \/>\t\t\t\t\t\t\t\t\t\t\t\t\t\t\t<\/div>\n\t\t\t\t<\/div>\n\t\t\t\t\t<\/div>\n\t\t<\/div>\n\t\t\t\t\t<\/div>\n\t\t<\/section>\n\t\t\t\t<section class=\"elementor-section elementor-top-section elementor-element elementor-element-ca7541c elementor-section-height-min-height elementor-section-boxed elementor-section-height-default elementor-section-items-middle\" data-id=\"ca7541c\" data-element_type=\"section\" data-settings=\"{&quot;background_background&quot;:&quot;classic&quot;}\">\n\t\t\t\t\t\t\t<div class=\"elementor-background-overlay\"><\/div>\n\t\t\t\t\t\t\t<div class=\"elementor-container elementor-column-gap-default\">\n\t\t\t\t\t<div class=\"elementor-column elementor-col-100 elementor-top-column elementor-element elementor-element-be10890\" data-id=\"be10890\" data-element_type=\"column\">\n\t\t\t<div class=\"elementor-widget-wrap elementor-element-populated\">\n\t\t\t\t\t\t<div class=\"elementor-element elementor-element-02500f6 elementor-widget elementor-widget-heading\" data-id=\"02500f6\" data-element_type=\"widget\" data-widget_type=\"heading.default\">\n\t\t\t\t<div class=\"elementor-widget-container\">\n\t\t\t\t\t<h1 class=\"elementor-heading-title elementor-size-default\">Jeg elsker at h\u00e6kle...<\/h1>\t\t\t\t<\/div>\n\t\t\t\t<\/div>\n\t\t\t\t<div class=\"elementor-element elementor-element-0708f7f elementor-widget elementor-widget-heading\" data-id=\"0708f7f\" data-element_type=\"widget\" data-widget_type=\"heading.default\">\n\t\t\t\t<div class=\"elementor-widget-container\">\n\t\t\t\t\t<h1 class=\"elementor-heading-title elementor-size-default\">H\u00e6klebuus<\/h1>\t\t\t\t<\/div>\n\t\t\t\t<\/div>\n\t\t\t\t<div class=\"elementor-element elementor-element-2bbf20f elementor-widget elementor-widget-image\" data-id=\"2bbf20f\" data-element_type=\"widget\" data-widget_type=\"image.default\">\n\t\t\t\t<div class=\"elementor-widget-container\">\n\t\t\t\t\t\t\t\t\t\t\t\t\t\t\t<img decoding=\"async\" width=\"150\" height=\"150\" src=\"https:\/\/haeklebuus.dk\/wp-content\/uploads\/2022\/12\/phoenix-bird-rebirth-7647782-150x150.png\" class=\"attachment-thumbnail size-thumbnail wp-image-1553\" alt=\"phoenix, bird, rebirth-7647782.jpg\" srcset=\"https:\/\/haeklebuus.dk\/wp-content\/uploads\/2022\/12\/phoenix-bird-rebirth-7647782-150x150.png 150w, https:\/\/haeklebuus.dk\/wp-content\/uploads\/2022\/12\/phoenix-bird-rebirth-7647782-300x298.png 300w, https:\/\/haeklebuus.dk\/wp-content\/uploads\/2022\/12\/phoenix-bird-rebirth-7647782-1024x1017.png 1024w, https:\/\/haeklebuus.dk\/wp-content\/uploads\/2022\/12\/phoenix-bird-rebirth-7647782-768x763.png 768w, https:\/\/haeklebuus.dk\/wp-content\/uploads\/2022\/12\/phoenix-bird-rebirth-7647782-60x60.png 60w, https:\/\/haeklebuus.dk\/wp-content\/uploads\/2022\/12\/phoenix-bird-rebirth-7647782.png 1280w\" sizes=\"(max-width: 150px) 100vw, 150px\" \/>\t\t\t\t\t\t\t\t\t\t\t\t\t\t\t<\/div>\n\t\t\t\t<\/div>\n\t\t\t\t\t<\/div>\n\t\t<\/div>\n\t\t\t\t\t<\/div>\n\t\t<\/section>\n\t\t\t\t<section class=\"elementor-section elementor-top-section elementor-element elementor-element-7701125 elementor-section-boxed elementor-section-height-default elementor-section-height-default\" data-id=\"7701125\" data-element_type=\"section\">\n\t\t\t\t\t\t<div class=\"elementor-container elementor-column-gap-default\">\n\t\t\t\t\t<div class=\"elementor-column elementor-col-100 elementor-top-column elementor-element elementor-element-9ad04ba\" data-id=\"9ad04ba\" data-element_type=\"column\">\n\t\t\t<div class=\"elementor-widget-wrap elementor-element-populated\">\n\t\t\t\t\t\t<div class=\"elementor-element elementor-element-13ae7bf elementor-widget elementor-widget-heading\" data-id=\"13ae7bf\" data-element_type=\"widget\" data-widget_type=\"heading.default\">\n\t\t\t\t<div class=\"elementor-widget-container\">\n\t\t\t\t\t<h2 class=\"elementor-heading-title elementor-size-xxl\">At h\u00e6kle er at leve. . . !!!<\/h2>\t\t\t\t<\/div>\n\t\t\t\t<\/div>\n\t\t\t\t<div class=\"elementor-element elementor-element-9c7221f elementor-widget-divider--view-line elementor-widget elementor-widget-divider\" data-id=\"9c7221f\" data-element_type=\"widget\" data-widget_type=\"divider.default\">\n\t\t\t\t<div class=\"elementor-widget-container\">\n\t\t\t\t\t\t\t<div class=\"elementor-divider\">\n\t\t\t<span class=\"elementor-divider-separator\">\n\t\t\t\t\t\t<\/span>\n\t\t<\/div>\n\t\t\t\t\t\t<\/div>\n\t\t\t\t<\/div>\n\t\t\t\t<section class=\"elementor-section elementor-inner-section elementor-element elementor-element-ef970f2 elementor-section-full_width elementor-section-height-default elementor-section-height-default\" data-id=\"ef970f2\" data-element_type=\"section\">\n\t\t\t\t\t\t<div class=\"elementor-container elementor-column-gap-default\">\n\t\t\t\t\t<div class=\"elementor-column elementor-col-33 elementor-inner-column elementor-element elementor-element-fd27b31\" data-id=\"fd27b31\" data-element_type=\"column\">\n\t\t\t<div class=\"elementor-widget-wrap elementor-element-populated\">\n\t\t\t\t\t\t<div class=\"elementor-element elementor-element-bff2ac9 elementor-widget elementor-widget-image\" data-id=\"bff2ac9\" data-element_type=\"widget\" data-widget_type=\"image.default\">\n\t\t\t\t<div class=\"elementor-widget-container\">\n\t\t\t\t\t\t\t\t\t\t\t\t\t\t\t<img fetchpriority=\"high\" decoding=\"async\" width=\"1163\" height=\"872\" src=\"https:\/\/haeklebuus.dk\/wp-content\/uploads\/2022\/12\/1570877387961.jpg\" class=\"attachment-full size-full wp-image-1326\" alt=\"\" srcset=\"https:\/\/haeklebuus.dk\/wp-content\/uploads\/2022\/12\/1570877387961.jpg 1163w, https:\/\/haeklebuus.dk\/wp-content\/uploads\/2022\/12\/1570877387961-300x225.jpg 300w, https:\/\/haeklebuus.dk\/wp-content\/uploads\/2022\/12\/1570877387961-1024x768.jpg 1024w, https:\/\/haeklebuus.dk\/wp-content\/uploads\/2022\/12\/1570877387961-768x576.jpg 768w\" sizes=\"(max-width: 1163px) 100vw, 1163px\" \/>\t\t\t\t\t\t\t\t\t\t\t\t\t\t\t<\/div>\n\t\t\t\t<\/div>\n\t\t\t\t<div class=\"elementor-element elementor-element-54a2f8d elementor-widget elementor-widget-image-box\" data-id=\"54a2f8d\" data-element_type=\"widget\" data-widget_type=\"image-box.default\">\n\t\t\t\t<div class=\"elementor-widget-container\">\n\t\t\t\t\t<div class=\"elementor-image-box-wrapper\"><div class=\"elementor-image-box-content\"><h3 class=\"elementor-image-box-title\">Blebuks<\/h3><p class=\"elementor-image-box-description\">Denne Blebuks lavede jeg, til min lille Nev\u00f8\nDen er jo ganske fin, men har desv\u00e6rre aldrig passet ham.\nI starten jeg h\u00e6klede igen, havde jeg desv\u00e6rre ikke helt styr p\u00e5 det, med st\u00f8rrelser og babyer<\/p><\/div><\/div>\t\t\t\t<\/div>\n\t\t\t\t<\/div>\n\t\t\t\t\t<\/div>\n\t\t<\/div>\n\t\t\t\t<div class=\"elementor-column elementor-col-33 elementor-inner-column elementor-element elementor-element-e6971ee\" data-id=\"e6971ee\" data-element_type=\"column\">\n\t\t\t<div class=\"elementor-widget-wrap elementor-element-populated\">\n\t\t\t\t\t\t<div class=\"elementor-element elementor-element-1e4bc45 elementor-widget elementor-widget-image\" data-id=\"1e4bc45\" data-element_type=\"widget\" data-widget_type=\"image.default\">\n\t\t\t\t<div class=\"elementor-widget-container\">\n\t\t\t\t\t\t\t\t\t\t\t\t\t\t\t<img decoding=\"async\" width=\"654\" height=\"872\" src=\"https:\/\/haeklebuus.dk\/wp-content\/uploads\/2022\/12\/IMG_20190531_112735.jpg\" class=\"attachment-full size-full wp-image-1385\" alt=\"\" srcset=\"https:\/\/haeklebuus.dk\/wp-content\/uploads\/2022\/12\/IMG_20190531_112735.jpg 654w, https:\/\/haeklebuus.dk\/wp-content\/uploads\/2022\/12\/IMG_20190531_112735-225x300.jpg 225w\" sizes=\"(max-width: 654px) 100vw, 654px\" \/>\t\t\t\t\t\t\t\t\t\t\t\t\t\t\t<\/div>\n\t\t\t\t<\/div>\n\t\t\t\t<div class=\"elementor-element elementor-element-f07647b elementor-widget elementor-widget-image-box\" data-id=\"f07647b\" data-element_type=\"widget\" data-widget_type=\"image-box.default\">\n\t\t\t\t<div class=\"elementor-widget-container\">\n\t\t\t\t\t<div class=\"elementor-image-box-wrapper\"><div class=\"elementor-image-box-content\"><h3 class=\"elementor-image-box-title\">N\u00f8glering Abe<\/h3><p class=\"elementor-image-box-description\">Denne lille n\u00f8glering, lavede jeg som noget af det f\u00f8rste. Da jeg efter mange \u00e5r, startede med at h\u00e6kle igen<\/p><\/div><\/div>\t\t\t\t<\/div>\n\t\t\t\t<\/div>\n\t\t\t\t\t<\/div>\n\t\t<\/div>\n\t\t\t\t<div class=\"elementor-column elementor-col-33 elementor-inner-column elementor-element elementor-element-b809155\" data-id=\"b809155\" data-element_type=\"column\">\n\t\t\t<div class=\"elementor-widget-wrap elementor-element-populated\">\n\t\t\t\t\t\t<div class=\"elementor-element elementor-element-6b792a3 elementor-widget elementor-widget-image\" data-id=\"6b792a3\" data-element_type=\"widget\" data-widget_type=\"image.default\">\n\t\t\t\t<div class=\"elementor-widget-container\">\n\t\t\t\t\t\t\t\t\t\t\t\t\t\t\t<img loading=\"lazy\" decoding=\"async\" width=\"989\" height=\"872\" src=\"https:\/\/haeklebuus.dk\/wp-content\/uploads\/2022\/12\/20220517_220201.jpg\" class=\"attachment-full size-full wp-image-1355\" alt=\"Terning pung\" srcset=\"https:\/\/haeklebuus.dk\/wp-content\/uploads\/2022\/12\/20220517_220201.jpg 989w, https:\/\/haeklebuus.dk\/wp-content\/uploads\/2022\/12\/20220517_220201-300x265.jpg 300w, https:\/\/haeklebuus.dk\/wp-content\/uploads\/2022\/12\/20220517_220201-768x677.jpg 768w\" sizes=\"(max-width: 989px) 100vw, 989px\" \/>\t\t\t\t\t\t\t\t\t\t\t\t\t\t\t<\/div>\n\t\t\t\t<\/div>\n\t\t\t\t<div class=\"elementor-element elementor-element-1d1e836 elementor-widget elementor-widget-image-box\" data-id=\"1d1e836\" data-element_type=\"widget\" data-widget_type=\"image-box.default\">\n\t\t\t\t<div class=\"elementor-widget-container\">\n\t\t\t\t\t<div class=\"elementor-image-box-wrapper\"><div class=\"elementor-image-box-content\"><h3 class=\"elementor-image-box-title\">Terning taske.<\/h3><p class=\"elementor-image-box-description\">Denne lille taske har jeg lavet. Den passer lige til en ordentlig masse terninger. <\/p><\/div><\/div>\t\t\t\t<\/div>\n\t\t\t\t<\/div>\n\t\t\t\t\t<\/div>\n\t\t<\/div>\n\t\t\t\t\t<\/div>\n\t\t<\/section>\n\t\t\t\t\t<\/div>\n\t\t<\/div>\n\t\t\t\t\t<\/div>\n\t\t<\/section>\n\t\t\t\t<section class=\"elementor-section elementor-top-section elementor-element elementor-element-2d8ba58 elementor-section-boxed elementor-section-height-default elementor-section-height-default\" data-id=\"2d8ba58\" data-element_type=\"section\" data-settings=\"{&quot;background_background&quot;:&quot;classic&quot;}\">\n\t\t\t\t\t\t<div class=\"elementor-container elementor-column-gap-default\">\n\t\t\t\t\t<div class=\"elementor-column elementor-col-33 elementor-top-column elementor-element elementor-element-94a6090\" data-id=\"94a6090\" data-element_type=\"column\">\n\t\t\t<div class=\"elementor-widget-wrap elementor-element-populated\">\n\t\t\t\t\t\t<div class=\"elementor-element elementor-element-460e305 elementor-widget elementor-widget-image\" data-id=\"460e305\" data-element_type=\"widget\" data-widget_type=\"image.default\">\n\t\t\t\t<div class=\"elementor-widget-container\">\n\t\t\t\t\t\t\t\t\t\t\t\t<figure class=\"wp-caption\">\n\t\t\t\t\t\t\t\t\t\t<img decoding=\"async\" src=\"https:\/\/haeklebuus.dk\/wp-content\/uploads\/elementor\/thumbs\/IMG_20210218_003040-pz59a88j1y133fqwbtalf7kaegt2ajhzvj3rjbstko.jpg\" title=\"IMG_20210218_003040\" alt=\"IMG_20210218_003040\" loading=\"lazy\" \/>\t\t\t\t\t\t\t\t\t\t\t<figcaption class=\"widget-image-caption wp-caption-text\">Dette er min f\u00f8rste lille tr\u00f8stemus.<\/figcaption>\n\t\t\t\t\t\t\t\t\t\t<\/figure>\n\t\t\t\t\t\t\t\t\t<\/div>\n\t\t\t\t<\/div>\n\t\t\t\t\t<\/div>\n\t\t<\/div>\n\t\t\t\t<div class=\"elementor-column elementor-col-33 elementor-top-column elementor-element elementor-element-ba33ca0\" data-id=\"ba33ca0\" data-element_type=\"column\">\n\t\t\t<div class=\"elementor-widget-wrap elementor-element-populated\">\n\t\t\t\t\t\t<div class=\"elementor-element elementor-element-d278a40 elementor-widget elementor-widget-heading\" data-id=\"d278a40\" data-element_type=\"widget\" data-widget_type=\"heading.default\">\n\t\t\t\t<div class=\"elementor-widget-container\">\n\t\t\t\t\t<h4 class=\"elementor-heading-title elementor-size-xl\">Denne lille hue har jeg h\u00e6klet. Ikke s\u00e5 k\u00f8n. \n  .  .  .  . Men pyt. Kan ses i m\u00f8rket.<\/h4>\t\t\t\t<\/div>\n\t\t\t\t<\/div>\n\t\t\t\t<div class=\"elementor-element elementor-element-cbbd6cf elementor-widget elementor-widget-image\" data-id=\"cbbd6cf\" data-element_type=\"widget\" data-widget_type=\"image.default\">\n\t\t\t\t<div class=\"elementor-widget-container\">\n\t\t\t\t\t\t\t\t\t\t\t\t\t\t\t<img loading=\"lazy\" decoding=\"async\" width=\"300\" height=\"288\" src=\"https:\/\/haeklebuus.dk\/wp-content\/uploads\/2022\/12\/reflexhue-m-lys-i-300x288.jpg\" class=\"attachment-medium size-medium wp-image-1410\" alt=\"\" srcset=\"https:\/\/haeklebuus.dk\/wp-content\/uploads\/2022\/12\/reflexhue-m-lys-i-300x288.jpg 300w, https:\/\/haeklebuus.dk\/wp-content\/uploads\/2022\/12\/reflexhue-m-lys-i-768x738.jpg 768w, https:\/\/haeklebuus.dk\/wp-content\/uploads\/2022\/12\/reflexhue-m-lys-i.jpg 907w\" sizes=\"(max-width: 300px) 100vw, 300px\" \/>\t\t\t\t\t\t\t\t\t\t\t\t\t\t\t<\/div>\n\t\t\t\t<\/div>\n\t\t\t\t<div class=\"elementor-element elementor-element-ced9639 elementor-widget elementor-widget-text-editor\" data-id=\"ced9639\" data-element_type=\"widget\" data-widget_type=\"text-editor.default\">\n\t\t\t\t<div class=\"elementor-widget-container\">\n\t\t\t\t\t\t\t\t\t<p style=\"text-align: center;\">En Reflekshue jeg har h\u00e6klet.<\/p>\t\t\t\t\t\t\t\t<\/div>\n\t\t\t\t<\/div>\n\t\t\t\t\t<\/div>\n\t\t<\/div>\n\t\t\t\t<div class=\"elementor-column elementor-col-33 elementor-top-column elementor-element elementor-element-9a0a136\" data-id=\"9a0a136\" data-element_type=\"column\">\n\t\t\t<div class=\"elementor-widget-wrap\">\n\t\t\t\t\t\t\t<\/div>\n\t\t<\/div>\n\t\t\t\t\t<\/div>\n\t\t<\/section>\n\t\t\t\t<section class=\"elementor-section elementor-top-section elementor-element elementor-element-b991a90 elementor-section-height-min-height elementor-section-content-middle elementor-section-boxed elementor-section-height-default elementor-section-items-middle\" data-id=\"b991a90\" data-element_type=\"section\" data-settings=\"{&quot;background_background&quot;:&quot;classic&quot;}\">\n\t\t\t\t\t\t<div class=\"elementor-container elementor-column-gap-default\">\n\t\t\t\t\t<div class=\"elementor-column elementor-col-100 elementor-top-column elementor-element elementor-element-47e5172\" data-id=\"47e5172\" data-element_type=\"column\">\n\t\t\t<div class=\"elementor-widget-wrap elementor-element-populated\">\n\t\t\t\t\t\t<div class=\"elementor-element elementor-element-7d508b6 elementor-widget elementor-widget-heading\" data-id=\"7d508b6\" data-element_type=\"widget\" data-widget_type=\"heading.default\">\n\t\t\t\t<div class=\"elementor-widget-container\">\n\t\t\t\t\t<h1 class=\"elementor-heading-title elementor-size-default\">Sp\u00f8rg endelig, hvis der er noget du vil vide<\/h1>\t\t\t\t<\/div>\n\t\t\t\t<\/div>\n\t\t\t\t<div class=\"elementor-element elementor-element-049c21d elementor-widget elementor-widget-text-editor\" data-id=\"049c21d\" data-element_type=\"widget\" data-widget_type=\"text-editor.default\">\n\t\t\t\t<div class=\"elementor-widget-container\">\n\t\t\t\t\t\t\t\t\t<p>Denne side er under opbygning &#8230;&#8230;&#8230;&#8230; ! ! !<\/p>\t\t\t\t\t\t\t\t<\/div>\n\t\t\t\t<\/div>\n\t\t\t\t<div class=\"elementor-element elementor-element-e487c72 elementor-align-center elementor-widget elementor-widget-button\" data-id=\"e487c72\" data-element_type=\"widget\" data-widget_type=\"button.default\">\n\t\t\t\t<div class=\"elementor-widget-container\">\n\t\t\t\t\t\t\t\t\t<div class=\"elementor-button-wrapper\">\n\t\t\t\t\t<a class=\"elementor-button elementor-button-link elementor-size-sm\" href=\"#\">\n\t\t\t\t\t\t<span class=\"elementor-button-content-wrapper\">\n\t\t\t\t\t\t\t\t\t<span class=\"elementor-button-text\">Lad os endelig f\u00e5 gang i nogle gode id\u00e9er<\/span>\n\t\t\t\t\t<\/span>\n\t\t\t\t\t<\/a>\n\t\t\t\t<\/div>\n\t\t\t\t\t\t\t\t<\/div>\n\t\t\t\t<\/div>\n\t\t\t\t\t<\/div>\n\t\t<\/div>\n\t\t\t\t\t<\/div>\n\t\t<\/section>\n\t\t\t\t<\/div>\n\t\t","protected":false},"excerpt":{"rendered":"<p>Jeg elsker at h\u00e6kle&#8230; H\u00e6klebuus At h\u00e6kle er at leve. . . !!! Blebuks Denne Blebuks lavede jeg, til min lille Nev\u00f8 Den er jo ganske fin, men har desv\u00e6rre aldrig passet ham. I starten jeg h\u00e6klede igen, havde jeg desv\u00e6rre ikke helt styr p\u00e5 det, med st\u00f8rrelser og babyer N\u00f8glering Abe Denne lille n\u00f8glering, &hellip;<\/p>\n<p class=\"read-more\"> <a class=\"\" href=\"https:\/\/haeklebuus.dk\/\"> <span class=\"screen-reader-text\">Forside<\/span> L\u00e6s mere &raquo;<\/a><\/p>\n","protected":false},"author":1,"featured_media":0,"parent":0,"menu_order":0,"comment_status":"closed","ping_status":"closed","template":"","meta":{"site-sidebar-layout":"no-sidebar","site-content-layout":"page-builder","ast-global-header-display":"","ast-banner-title-visibility":"","ast-main-header-display":"","ast-hfb-above-header-display":"","ast-hfb-below-header-display":"","ast-hfb-mobile-header-display":"","site-post-title":"disabled","ast-breadcrumbs-content":"","ast-featured-img":"disabled","footer-sml-layout":"","theme-transparent-header-meta":"enabled","adv-header-id-meta":"","stick-header-meta":"","header-above-stick-meta":"","header-main-stick-meta":"","header-below-stick-meta":"","footnotes":""},"class_list":["post-1318","page","type-page","status-publish","hentry"],"_links":{"self":[{"href":"https:\/\/haeklebuus.dk\/index.php\/wp-json\/wp\/v2\/pages\/1318","targetHints":{"allow":["GET"]}}],"collection":[{"href":"https:\/\/haeklebuus.dk\/index.php\/wp-json\/wp\/v2\/pages"}],"about":[{"href":"https:\/\/haeklebuus.dk\/index.php\/wp-json\/wp\/v2\/types\/page"}],"author":[{"embeddable":true,"href":"https:\/\/haeklebuus.dk\/index.php\/wp-json\/wp\/v2\/users\/1"}],"replies":[{"embeddable":true,"href":"https:\/\/haeklebuus.dk\/index.php\/wp-json\/wp\/v2\/comments?post=1318"}],"version-history":[{"count":77,"href":"https:\/\/haeklebuus.dk\/index.php\/wp-json\/wp\/v2\/pages\/1318\/revisions"}],"predecessor-version":[{"id":1818,"href":"https:\/\/haeklebuus.dk\/index.php\/wp-json\/wp\/v2\/pages\/1318\/revisions\/1818"}],"wp:attachment":[{"href":"https:\/\/haeklebuus.dk\/index.php\/wp-json\/wp\/v2\/media?parent=1318"}],"curies":[{"name":"wp","href":"https:\/\/api.w.org\/{rel}","templated":true}]}}